{"id":165,"date":"2023-08-10T20:23:25","date_gmt":"2023-08-10T18:23:25","guid":{"rendered":"http:\/\/imotion-yoga.de\/home\/?page_id=165"},"modified":"2026-01-25T17:09:55","modified_gmt":"2026-01-25T16:09:55","slug":"yogareisen","status":"publish","type":"page","link":"http:\/\/imotion-yoga.de\/home\/yogareisen\/","title":{"rendered":"Yogareisen"},"content":{"rendered":"<p>[et_pb_section fb_built=&#8221;1&#8243; fullwidth=&#8221;on&#8221; _builder_version=&#8221;4.21.2&#8243; _module_preset=&#8221;default&#8221; global_colors_info=&#8221;{}&#8221;][et_pb_fullwidth_slider _builder_version=&#8221;4.21.2&#8243; _module_preset=&#8221;default&#8221; header_text_color=&#8221;#E09900&#8243; header_font_size=&#8221;57px&#8221; background_enable_color=&#8221;off&#8221; global_colors_info=&#8221;{}&#8221;][et_pb_slide heading=&#8221;Yogareisen&#8221; _builder_version=&#8221;4.21.2&#8243; _module_preset=&#8221;default&#8221; background_color=&#8221;RGBA(255,255,255,0)&#8221; background_enable_color=&#8221;on&#8221; background_image=&#8221;http:\/\/imotion-yoga.de\/wp-content\/uploads\/2023\/08\/P1040942-scaled.jpg&#8221; background_enable_image=&#8221;on&#8221; header_font_size_tablet=&#8221;&#8221; header_font_size_phone=&#8221;45px&#8221; header_font_size_last_edited=&#8221;on|phone&#8221; global_colors_info=&#8221;{}&#8221; sticky_transition=&#8221;on&#8221;]<\/p>\n<p><span style=\"font-size: x-large;\">Deine Auszeit vom Alltag &#8211; Pure Entspannung auf und um die Yogamatte herum<\/span><\/p>\n<p>[\/et_pb_slide][et_pb_slide heading=&#8221;Yogareisen&#8221; _builder_version=&#8221;4.21.2&#8243; _module_preset=&#8221;default&#8221; header_font_size=&#8221;44px&#8221; background_image=&#8221;http:\/\/imotion-yoga.de\/wp-content\/uploads\/2023\/08\/P1040965-scaled.jpg&#8221; background_enable_image=&#8221;on&#8221; global_colors_info=&#8221;{}&#8221; sticky_transition=&#8221;on&#8221;]<\/p>\n<p>Deine Yogaauszeit vom Alltag. Pure Entspannung auf und um die Yogamatte herum<\/p>\n<p>[\/et_pb_slide][\/et_pb_fullwidth_slider][\/et_pb_section][et_pb_section fb_built=&#8221;1&#8243; _builder_version=&#8221;4.21.2&#8243; _module_preset=&#8221;default&#8221; background_color=&#8221;#fff3ed&#8221; global_colors_info=&#8221;{}&#8221;][et_pb_row column_structure=&#8221;1_2,1_2&#8243; _builder_version=&#8221;4.21.2&#8243; _module_preset=&#8221;default&#8221; global_colors_info=&#8221;{}&#8221;][et_pb_column type=&#8221;1_2&#8243; _builder_version=&#8221;4.21.2&#8243; _module_preset=&#8221;default&#8221; global_colors_info=&#8221;{}&#8221;][et_pb_image src=&#8221;http:\/\/imotion-yoga.de\/wp-content\/uploads\/2023\/10\/20230908-DSC00844-scaled.jpg&#8221; title_text=&#8221;20230908-DSC00844&#8243; url=&#8221;http:\/\/imotion-yoga.de\/home\/632-2\/&#8221; _builder_version=&#8221;4.21.2&#8243; _module_preset=&#8221;default&#8221; global_colors_info=&#8221;{}&#8221;][\/et_pb_image][\/et_pb_column][et_pb_column type=&#8221;1_2&#8243; _builder_version=&#8221;4.21.2&#8243; _module_preset=&#8221;default&#8221; global_colors_info=&#8221;{}&#8221;][\/et_pb_column][\/et_pb_row][et_pb_row column_structure=&#8221;1_2,1_2&#8243; _builder_version=&#8221;4.21.2&#8243; _module_preset=&#8221;default&#8221; global_colors_info=&#8221;{}&#8221;][et_pb_column type=&#8221;1_2&#8243; _builder_version=&#8221;4.21.2&#8243; _module_preset=&#8221;default&#8221; global_colors_info=&#8221;{}&#8221;][et_pb_text _builder_version=&#8221;4.21.2&#8243; _module_preset=&#8221;default&#8221; text_font_size=&#8221;10px&#8221; header_font_size=&#8221;19px&#8221; header_2_font_size=&#8221;25px&#8221; link_option_url=&#8221;http:\/\/imotion-yoga.de\/home\/632-2\/&#8221; hover_enabled=&#8221;0&#8243; global_colors_info=&#8221;{}&#8221; sticky_enabled=&#8221;0&#8243;]<\/p>\n<h2>Yogareise nach Kroatien vom 13.06.-20.06.26<\/h2>\n<h2><span style=\"font-size: 14px; color: #666666; font-family: 'Open Sans', Arial, sans-serif;\">Die Reise geht ins Hotel Balatura im kleinen Dorf Tribali nahe der K\u00fcste. Das Hotel besteht aus liebevoll sanierten traditionellen Steinh\u00e4uschen ganz im landestypische Stil gehalten mit Sinn f\u00fcr Details. Yoga \u00fcben wir im lichtdurchfluteten ger\u00e4umigen Saal, eigens hierf\u00fcr entworfen und gebaut, oder auf der Dachterasse mit Blick in die Weite. \u00a0 \u00a0 \u00a0 \u00a0 \u00a0 \u00a0 \u00a0 \u00a0 \u00a0 \u00a0 \u00a0 \u00a0 \u00a0 \u00a0 \u00a0 \u00a0 \u00a0 \u00a0 \u00a0 \u00a0 \u00a0 \u00a0 \u00a0 \u00a0 \u00a0 \u00a0Ein verzauberter Ort, um Deine Zeit zu genie\u00dfen, runterzufahren vom Alltagsgeschehen und Dich wieder mit Deinem Innersten zu verbinden.<\/span><\/h2>\n<p>&nbsp;<\/p>\n<p>[\/et_pb_text][\/et_pb_column][et_pb_column type=&#8221;1_2&#8243; _builder_version=&#8221;4.21.2&#8243; _module_preset=&#8221;default&#8221; global_colors_info=&#8221;{}&#8221;][\/et_pb_column][\/et_pb_row][et_pb_row column_structure=&#8221;1_2,1_2&#8243; _builder_version=&#8221;4.21.2&#8243; _module_preset=&#8221;default&#8221; global_colors_info=&#8221;{}&#8221;][et_pb_column type=&#8221;1_2&#8243; _builder_version=&#8221;4.21.2&#8243; _module_preset=&#8221;default&#8221; global_colors_info=&#8221;{}&#8221;][et_pb_button button_url=&#8221;http:\/\/imotion-yoga.de\/home\/632-2\/&#8221; button_text=&#8221;Erfahre mehr&#8221; button_alignment=&#8221;center&#8221; _builder_version=&#8221;4.21.2&#8243; _module_preset=&#8221;default&#8221; custom_button=&#8221;on&#8221; button_text_color=&#8221;#efefef&#8221; button_bg_color=&#8221;#E09900&#8243; button_border_radius=&#8221;29px&#8221; global_colors_info=&#8221;{}&#8221;][\/et_pb_button][\/et_pb_column][et_pb_column type=&#8221;1_2&#8243; _builder_version=&#8221;4.21.2&#8243; _module_preset=&#8221;default&#8221; global_colors_info=&#8221;{}&#8221;][\/et_pb_column][\/et_pb_row][\/et_pb_section][et_pb_section fb_built=&#8221;1&#8243; _builder_version=&#8221;4.21.2&#8243; _module_preset=&#8221;default&#8221; background_color=&#8221;#fff3ed&#8221; custom_padding=&#8221;41px|||||&#8221; global_colors_info=&#8221;{}&#8221;][et_pb_row column_structure=&#8221;1_2,1_2&#8243; _builder_version=&#8221;4.21.2&#8243; _module_preset=&#8221;default&#8221; custom_margin=&#8221;-50px|auto||auto|false|false&#8221; custom_margin_tablet=&#8221;-150px|auto||auto|false|false&#8221; custom_margin_phone=&#8221;-150px|auto||auto|false|false&#8221; custom_margin_last_edited=&#8221;on|desktop&#8221; global_colors_info=&#8221;{}&#8221;][et_pb_column type=&#8221;1_2&#8243; _builder_version=&#8221;4.21.2&#8243; _module_preset=&#8221;default&#8221; global_colors_info=&#8221;{}&#8221;][et_pb_blurb title=&#8221;Yogareise nach Sardinien 8.06. &#8211; 15.06.23 &#8221; image=&#8221;http:\/\/imotion-yoga.de\/wp-content\/uploads\/2023\/11\/Italian_Sardinien_Hotel-Galanias_c@NEUEWEGE-7.jpg&#8221; _builder_version=&#8221;4.21.2&#8243; _module_preset=&#8221;default&#8221; custom_margin_tablet=&#8221;30px||||false|false&#8221; custom_margin_phone=&#8221;20px||||false|false&#8221; custom_margin_last_edited=&#8221;on|tablet&#8221; link_option_url=&#8221;http:\/\/imotion-yoga.de\/home\/yogareise-sardinien-2024\/&#8221; global_colors_info=&#8221;{}&#8221;]<\/p>\n<p><span>Auf einem sanften H\u00fcgel gelegen, oberhalb vom weiten Strand von Torre di Bari entfernt, liegt das Hotel Galanias. Umgeben von einem liebevoll angelegten Garten mit herrlich duftender Bougainville, wurde das Vier-Sterne-Hotel im traditionell sardischen Stil auf unterschiedlichen Ebenen gebaut.\u00a0<\/span><\/p>\n<p><span>Das Hotel verf\u00fcgt \u00fcber zwei sch\u00f6ne Yogahallen. Eine liegt oberhalb des Hotels und bietet uns \u00a0einen inspirierenden Ausblick auf das Meer. Die andere liegt im Garten, umgeben von Blumen und Pflanzen. Je nach Gruppengr\u00f6\u00dfe nutzen wir eine der beiden Hallen. Das Meer ist nur 10 Minuten zu Fu\u00df entfernt und somit gut zu erreichen auch f\u00fcr einen Spaziergang oder ein Bad zwischendurch,..<\/span><\/p>\n<p>[\/et_pb_blurb][et_pb_button button_url=&#8221;http:\/\/imotion-yoga.de\/home\/yogareise-sardinien-2024\/&#8221; button_text=&#8221;Erfahre mehr&#8221; button_alignment=&#8221;center&#8221; _builder_version=&#8221;4.21.2&#8243; _module_preset=&#8221;default&#8221; custom_button=&#8221;on&#8221; button_text_color=&#8221;#FFFFFF&#8221; button_bg_color=&#8221;#E09900&#8243; button_border_color=&#8221;#E09900&#8243; button_border_radius=&#8221;42px&#8221; global_colors_info=&#8221;{}&#8221;][\/et_pb_button][\/et_pb_column][et_pb_column type=&#8221;1_2&#8243; _builder_version=&#8221;4.21.2&#8243; _module_preset=&#8221;default&#8221; global_colors_info=&#8221;{}&#8221;][et_pb_blurb title=&#8221;Yogareise in die Marken vom 19.10. \u2013 25.10.24&#8243; image=&#8221;http:\/\/imotion-yoga.de\/wp-content\/uploads\/2023\/11\/VillaGarulli_c@NEUEWEGE-1-scaled.jpg&#8221; _builder_version=&#8221;4.21.2&#8243; _module_preset=&#8221;default&#8221; custom_margin_tablet=&#8221;70px||||false|false&#8221; custom_margin_phone=&#8221;35px||||false|false&#8221; custom_margin_last_edited=&#8221;on|phone&#8221; link_option_url=&#8221;http:\/\/imotion-yoga.de\/home\/yogareise-marken-2024\/&#8221; global_colors_info=&#8221;{}&#8221;]<\/p>\n<p><span>Die Villa Garulli verdankt \u00a0ihren Namen einer alten Adelsfamilie. Im 17. Jahrhundert stand hier ein Kloster und die besondere Kraft des Platzes ist noch immer sp\u00fcrbar. Eine gute Energie f\u00fcr einen Yoga-Urlaub! Die Villa ist umgeben von einem hauseigenen\u00a0Park , der zum lustwandeln und meditieren einl\u00e4dt. Inmitten des Gartens\u00a0befindet Sich unsere Yoga Casa, wo wir gemeinsam Yoga \u00fcben werden mit Blick in die Weite Natur.\u00a0<\/span><\/p>\n<p>Bislang war mir diese Region v\u00f6llig unbekannt und ich bin sehr gespannt sie gemeinsam mit Dir zu erkunden.Die sanft h\u00fcgelige Landschaft der Marken bietet die ganze Vielfalt Italiens mit langen Sandstr\u00e4nden und kleinen Buchten, gr\u00fcnen Weinbergen, gelben Weizenfeldern, strahlenden Sonnenblumen und silbrigen Olivenhainen. Das Dorf Montelupone ist ausgezeichnet als eines der sch\u00f6nsten Italiens und in nur 15 Minuten zu Fu\u00df erreichbar, und zum n\u00e4chsten Sandstrand ist es auch nicht weit. Ich freue mich schon!<\/p>\n<p>&nbsp;<\/p>\n<p>[\/et_pb_blurb][et_pb_button button_url=&#8221;http:\/\/imotion-yoga.de\/home\/yogareise-marken-2024\/&#8221; button_text=&#8221;Erfahre mehr&#8221; button_alignment=&#8221;center&#8221; _builder_version=&#8221;4.21.2&#8243; _module_preset=&#8221;default&#8221; custom_button=&#8221;on&#8221; button_text_color=&#8221;#FFFFFF&#8221; button_bg_color=&#8221;#E09900&#8243; button_border_color=&#8221;#E09900&#8243; button_border_radius=&#8221;56px&#8221; global_colors_info=&#8221;{}&#8221;][\/et_pb_button][\/et_pb_column][\/et_pb_row][\/et_pb_section][et_pb_section fb_built=&#8221;1&#8243; _builder_version=&#8221;4.21.2&#8243; _module_preset=&#8221;default&#8221; background_color=&#8221;#75b4ae&#8221; global_colors_info=&#8221;{}&#8221;][et_pb_row _builder_version=&#8221;4.21.2&#8243; _module_preset=&#8221;default&#8221; global_colors_info=&#8221;{}&#8221;][et_pb_column type=&#8221;4_4&#8243; _builder_version=&#8221;4.21.0&#8243; _module_preset=&#8221;default&#8221; global_colors_info=&#8221;{}&#8221;][et_pb_signup mailchimp_list=&#8221;Praxis f\u00fcr Physiotherapie und Iyengar\u00ae-Yoga|4faa7e9726&#8243; success_message=&#8221;Ja, das hat geklappt! Gucke bitte auch im Spam und best\u00e4tige den Link in der E-mail!&#8221; title=&#8221;Abonniere jetzt den Newsletter!&#8221; description=&#8221;<\/p>\n<p>Hier erh\u00e4ltst Du regelm\u00e4\u00dfig Informationen zu meinen Angeboten rund um Yoga und Spiraldynamik, zu Kursen , Workhops und Reisen!<\/p>\n<p>&#8221; _builder_version=&#8221;4.21.2&#8243; _module_preset=&#8221;default&#8221; background_color=&#8221;#d1a821&#8243; border_radii=&#8221;off|20px|20px|20px|20px&#8221; global_colors_info=&#8221;{}&#8221;][\/et_pb_signup][\/et_pb_column][\/et_pb_row][\/et_pb_section][et_pb_section fb_built=&#8221;1&#8243; _builder_version=&#8221;4.21.2&#8243; _module_preset=&#8221;default&#8221; background_color=&#8221;#e8e8e8&#8243; min_height=&#8221;257px&#8221; min_height_tablet=&#8221;257px&#8221; min_height_phone=&#8221;693px&#8221; min_height_last_edited=&#8221;on|phone&#8221; height=&#8221;461px&#8221; height_tablet=&#8221;888px&#8221; height_phone=&#8221;461px&#8221; height_last_edited=&#8221;on|phone&#8221; max_height_tablet=&#8221;&#8221; max_height_phone=&#8221;&#8221; max_height_last_edited=&#8221;on|phone&#8221; global_colors_info=&#8221;{}&#8221;][et_pb_row column_structure=&#8221;3_5,2_5&#8243; _builder_version=&#8221;4.21.2&#8243; _module_preset=&#8221;default&#8221; global_colors_info=&#8221;{}&#8221;][et_pb_column type=&#8221;3_5&#8243; _builder_version=&#8221;4.21.2&#8243; _module_preset=&#8221;default&#8221; global_colors_info=&#8221;{}&#8221;][et_pb_text content_tablet=&#8221;<\/p>\n<p><strong><\/strong><\/p>\n<h1 style=%22text-align: center;%22><strong><\/strong>Iyengar\u00ae-Yoga trifft Spiraldynamik\u00ae<\/h1>\n<p style=%22text-align: center;%22><strong><\/strong><\/p>\n<p style=%22text-align: center;%22><strong><\/strong><\/p>\n<p style=%22text-align: center;%22><strong><\/strong><\/p>\n<p style=%22text-align: center;%22><b>Praxis f\u00fcr Physiotheraphie &#038; Yoga<\/b><\/p>\n<p style=%22text-align: center;%22><b>Ilona M\u00fcller<\/b><\/p>\n<p style=%22text-align: center;%22>Hausdorffstra\u00dfe 102<\/p>\n<p style=%22text-align: center;%22>53129 Bonn Kessenich<\/p>\n<p style=%22text-align: center;%22>mueller.ilo@web.de<\/p>\n<p style=%22text-align: center;%22>&#8221; content_phone=&#8221;<\/p>\n<p><strong><\/strong><\/p>\n<h1><strong><\/strong><\/h1>\n<h1><strong><\/strong><\/h1>\n<h1><strong><\/strong><\/h1>\n<h1><strong><\/strong><\/h1>\n<h1><strong><\/strong><\/h1>\n<h1><strong><\/strong><\/h1>\n<h1><strong><\/strong><\/h1>\n<h1 style=%22text-align: center;%22><strong><\/strong>Iyengar\u00ae-Yoga trifft Spiraldynamik\u00ae<\/h1>\n<\/p>\n<p style=%22text-align: center;%22><strong>Praxis f\u00fcr Physiotherapie &#038; Yoga<\/strong><\/p>\n<p style=%22text-align: center;%22><strong>Ilona M\u00fcller<\/strong><\/p>\n<p style=%22text-align: center;%22>Hausdorffstra\u00dfe 102<\/p>\n<p style=%22text-align: center;%22>53129 Bonn Kessenich<\/p>\n<p style=%22text-align: center;%22>mueller.ilo@web.de<\/p>\n<p style=%22text-align: center;%22>&#8221; content_last_edited=&#8221;on|phone&#8221; _builder_version=&#8221;4.21.2&#8243; _module_preset=&#8221;default&#8221; text_font_size=&#8221;15px&#8221; text_line_height=&#8221;1.2em&#8221; header_font=&#8221;Domine|700|||||||&#8221; header_text_color=&#8221;#E09900&#8243; header_font_size=&#8221;28px&#8221; header_line_height=&#8221;1.4em&#8221; custom_margin=&#8221;10px||-15px||false|false&#8221; custom_margin_tablet=&#8221;10px||-15px||false|false&#8221; custom_margin_phone=&#8221;-90px||-15px||false|false&#8221; custom_margin_last_edited=&#8221;on|phone&#8221; custom_padding=&#8221;0px||0px||false|false&#8221; text_line_height_tablet=&#8221;1.2em&#8221; text_line_height_phone=&#8221;1.2em&#8221; text_line_height_last_edited=&#8221;on|desktop&#8221; global_colors_info=&#8221;{}&#8221;]<\/p>\n<p><strong><\/strong><\/p>\n<h1><strong><\/strong>Iyengar\u00ae-Yoga trifft Spiraldynamik\u00ae<\/h1>\n<p><strong><\/strong><\/p>\n<p><strong>Praxis f\u00fcr Physiotherapie &amp; Yoga<\/strong><\/p>\n<p><strong>Ilona M\u00fcller<\/strong><\/p>\n<p>Hausdorffstra\u00dfe 102<\/p>\n<p>53129 Bonn Kessenich<\/p>\n<p><a href=\"mailto:mueller.ilo@web.de\">mueller.ilo@web.de<\/a><\/p>\n<p>Private Kassen &amp; Selbstzahler<\/p>\n<p><strong><\/strong><\/p>\n<p>&nbsp;<\/p>\n<p>&nbsp;<\/p>\n<p>[\/et_pb_text][\/et_pb_column][et_pb_column type=&#8221;2_5&#8243; _builder_version=&#8221;4.21.2&#8243; _module_preset=&#8221;default&#8221; global_colors_info=&#8221;{}&#8221;][et_pb_image src=&#8221;http:\/\/imotion-yoga.de\/wp-content\/uploads\/2023\/08\/6CAB6C93-9859-4C93-AEEE-01777B1D63E3.png&#8221; title_text=&#8221;6CAB6C93-9859-4C93-AEEE-01777B1D63E3&#8243; align=&#8221;center&#8221; _builder_version=&#8221;4.21.2&#8243; _module_preset=&#8221;default&#8221; custom_margin=&#8221;-39px||6px||false|false&#8221; custom_margin_tablet=&#8221;-24px||||false|false&#8221; custom_margin_phone=&#8221;-21px||6px||false|false&#8221; custom_margin_last_edited=&#8221;on|phone&#8221; custom_padding=&#8221;|0px||||&#8221; global_colors_info=&#8221;{}&#8221;][\/et_pb_image][\/et_pb_column][\/et_pb_row][\/et_pb_section][et_pb_section fb_built=&#8221;1&#8243; _builder_version=&#8221;4.21.2&#8243; _module_preset=&#8221;default&#8221; min_height=&#8221;100px&#8221; height=&#8221;100px&#8221; max_height=&#8221;100px&#8221; global_colors_info=&#8221;{}&#8221;][et_pb_row column_structure=&#8221;1_2,1_2&#8243; _builder_version=&#8221;4.21.2&#8243; _module_preset=&#8221;default&#8221; global_colors_info=&#8221;{}&#8221;][et_pb_column type=&#8221;1_2&#8243; _builder_version=&#8221;4.21.2&#8243; _module_preset=&#8221;default&#8221; global_colors_info=&#8221;{}&#8221;][et_pb_social_media_follow _builder_version=&#8221;4.21.2&#8243; _module_preset=&#8221;default&#8221; custom_margin=&#8221;-53px||||false|false&#8221; custom_padding=&#8221;0px||7px||false|false&#8221; global_colors_info=&#8221;{}&#8221;][et_pb_social_media_follow_network social_network=&#8221;facebook&#8221; icon_color=&#8221;#E09900&#8243; _builder_version=&#8221;4.21.2&#8243; _module_preset=&#8221;default&#8221; background_color=&#8221;#D6D6D6&#8243; background_enable_color=&#8221;on&#8221; global_colors_info=&#8221;{}&#8221; follow_button=&#8221;off&#8221; url_new_window=&#8221;on&#8221;]facebook[\/et_pb_social_media_follow_network][et_pb_social_media_follow_network social_network=&#8221;instagram&#8221; icon_color=&#8221;#E09900&#8243; _builder_version=&#8221;4.21.2&#8243; _module_preset=&#8221;default&#8221; background_color=&#8221;#D6D6D6&#8243; background_enable_color=&#8221;on&#8221; global_colors_info=&#8221;{}&#8221; follow_button=&#8221;off&#8221; url_new_window=&#8221;on&#8221;]instagram[\/et_pb_social_media_follow_network][\/et_pb_social_media_follow][\/et_pb_column][et_pb_column type=&#8221;1_2&#8243; _builder_version=&#8221;4.21.2&#8243; _module_preset=&#8221;default&#8221; global_colors_info=&#8221;{}&#8221;][et_pb_menu menu_id=&#8221;13&#8243; _builder_version=&#8221;4.21.2&#8243; _module_preset=&#8221;default&#8221; custom_margin=&#8221;-56px|20px||20px|false|true&#8221; global_colors_info=&#8221;{}&#8221;][\/et_pb_menu][\/et_pb_column][\/et_pb_row][\/et_pb_section]<\/p>\n","protected":false},"excerpt":{"rendered":"<p>Deine Auszeit vom Alltag &#8211; Pure Entspannung auf und um die Yogamatte herumDeine Yogaauszeit vom Alltag. Pure Entspannung auf und um die Yogamatte herumYogareise nach Kroatien vom 13.06.-20.06.26 Die Reise geht ins Hotel Balatura im kleinen Dorf Tribali nahe der K\u00fcste. Das Hotel besteht aus liebevoll sanierten traditionellen Steinh\u00e4uschen ganz im landestypische Stil gehalten mit [&hellip;]<\/p>\n","protected":false},"author":1,"featured_media":0,"parent":0,"menu_order":0,"comment_status":"closed","ping_status":"closed","template":"","meta":{"_et_pb_use_builder":"on","_et_pb_old_content":"","_et_gb_content_width":"","om_disable_all_campaigns":false,"_monsterinsights_skip_tracking":false,"_monsterinsights_sitenote_active":false,"_monsterinsights_sitenote_note":"","_monsterinsights_sitenote_category":0,"footnotes":""},"class_list":["post-165","page","type-page","status-publish","hentry"],"aioseo_notices":[],"_links":{"self":[{"href":"http:\/\/imotion-yoga.de\/home\/wp-json\/wp\/v2\/pages\/165","targetHints":{"allow":["GET"]}}],"collection":[{"href":"http:\/\/imotion-yoga.de\/home\/wp-json\/wp\/v2\/pages"}],"about":[{"href":"http:\/\/imotion-yoga.de\/home\/wp-json\/wp\/v2\/types\/page"}],"author":[{"embeddable":true,"href":"http:\/\/imotion-yoga.de\/home\/wp-json\/wp\/v2\/users\/1"}],"replies":[{"embeddable":true,"href":"http:\/\/imotion-yoga.de\/home\/wp-json\/wp\/v2\/comments?post=165"}],"version-history":[{"count":24,"href":"http:\/\/imotion-yoga.de\/home\/wp-json\/wp\/v2\/pages\/165\/revisions"}],"predecessor-version":[{"id":668,"href":"http:\/\/imotion-yoga.de\/home\/wp-json\/wp\/v2\/pages\/165\/revisions\/668"}],"wp:attachment":[{"href":"http:\/\/imotion-yoga.de\/home\/wp-json\/wp\/v2\/media?parent=165"}],"curies":[{"name":"wp","href":"https:\/\/api.w.org\/{rel}","templated":true}]}}