{"id":2,"date":"2023-08-03T10:12:26","date_gmt":"2023-08-03T08:12:26","guid":{"rendered":"http:\/\/imotion-yoga.de\/?page_id=2"},"modified":"2024-02-01T21:27:47","modified_gmt":"2024-02-01T20:27:47","slug":"beispiel-seite","status":"publish","type":"page","link":"http:\/\/imotion-yoga.de\/home\/beispiel-seite\/","title":{"rendered":"\u00dcber mich"},"content":{"rendered":"<p>[et_pb_section fb_built=&#8221;1&#8243; _builder_version=&#8221;4.21.2&#8243; _module_preset=&#8221;default&#8221; background_color=&#8221;#e8e8e8&#8243; background_image=&#8221;http:\/\/imotion-yoga.de\/wp-content\/uploads\/2023\/08\/P1040965-scaled.jpg&#8221; min_height=&#8221;470px&#8221; height=&#8221;205px&#8221; max_height=&#8221;328px&#8221; global_colors_info=&#8221;{}&#8221;][et_pb_row column_structure=&#8221;1_2,1_2&#8243; _builder_version=&#8221;4.21.2&#8243; _module_preset=&#8221;default&#8221; global_colors_info=&#8221;{}&#8221;][et_pb_column type=&#8221;1_2&#8243; _builder_version=&#8221;4.21.0&#8243; _module_preset=&#8221;default&#8221; global_colors_info=&#8221;{}&#8221;][et_pb_text _builder_version=&#8221;4.21.2&#8243; _module_preset=&#8221;default&#8221; text_font=&#8221;|700|||||||&#8221; text_font_size=&#8221;21px&#8221; header_font=&#8221;|700|||||||&#8221; header_font_size=&#8221;60px&#8221; header_line_height=&#8221;1.3em&#8221; background_color=&#8221;rgba(255,255,255,0.61)&#8221; custom_margin=&#8221;100px|||0px|false|false&#8221; custom_margin_tablet=&#8221;100px|||0px|false|false&#8221; custom_margin_phone=&#8221;-30px||||false|false&#8221; custom_margin_last_edited=&#8221;on|phone&#8221; custom_padding=&#8221;39px||6px|41px|false|false&#8221; background_color_tablet=&#8221;rgba(255,255,255,0.05)&#8221; background_color_phone=&#8221;rgba(255,255,255,0.07)&#8221; background_last_edited=&#8221;on|phone&#8221; background_enable_color_tablet=&#8221;on&#8221; background_enable_color_phone=&#8221;on&#8221; border_radii=&#8221;on|80px|80px|80px|80px&#8221; global_colors_info=&#8221;{}&#8221; custom_margin__hover_enabled=&#8221;on|desktop&#8221; custom_margin__hover=&#8221;100px|||0px|false|false&#8221;]<\/p>\n<h1>\u00a0 Ilona M\u00fcller<\/h1>\n<p>&nbsp;<\/p>\n<p>[\/et_pb_text][\/et_pb_column][et_pb_column type=&#8221;1_2&#8243; _builder_version=&#8221;4.21.0&#8243; _module_preset=&#8221;default&#8221; global_colors_info=&#8221;{}&#8221;][\/et_pb_column][\/et_pb_row][\/et_pb_section][et_pb_section fb_built=&#8221;1&#8243; custom_padding_last_edited=&#8221;on|phone&#8221; _builder_version=&#8221;4.21.2&#8243; _module_preset=&#8221;default&#8221; background_color=&#8221;#fff3ed&#8221; min_height=&#8221;334px&#8221; min_height_tablet=&#8221;616px&#8221; min_height_phone=&#8221;107px&#8221; min_height_last_edited=&#8221;on|phone&#8221; height=&#8221;538px&#8221; height_tablet=&#8221;652px&#8221; height_phone=&#8221;1000px&#8221; height_last_edited=&#8221;on|phone&#8221; max_height_tablet=&#8221;402px&#8221; max_height_phone=&#8221;1200px&#8221; max_height_last_edited=&#8221;on|phone&#8221; custom_margin_tablet=&#8221;&#8221; custom_margin_phone=&#8221;-150px||||false|false&#8221; custom_margin_last_edited=&#8221;on|phone&#8221; custom_padding=&#8221;2px||||false|false&#8221; custom_padding_tablet=&#8221;2px||||false|false&#8221; custom_padding_phone=&#8221;2px||||false|false&#8221; global_colors_info=&#8221;{}&#8221;][et_pb_row column_structure=&#8221;1_2,1_2&#8243; _builder_version=&#8221;4.21.2&#8243; _module_preset=&#8221;default&#8221; global_colors_info=&#8221;{}&#8221;][et_pb_column type=&#8221;1_2&#8243; _builder_version=&#8221;4.21.2&#8243; _module_preset=&#8221;default&#8221; global_colors_info=&#8221;{}&#8221;][et_pb_text _builder_version=&#8221;4.21.2&#8243; _module_preset=&#8221;default&#8221; header_font=&#8221;|700|||||||&#8221; header_font_size=&#8221;44px&#8221; custom_margin=&#8221;11px||10px||false|false&#8221; custom_margin_tablet=&#8221;11px||10px||false|false&#8221; custom_margin_phone=&#8221;-21px||10px||false|false&#8221; custom_margin_last_edited=&#8221;on|phone&#8221; custom_padding=&#8221;0px||21px||false|false&#8221; global_colors_info=&#8221;{}&#8221;]<\/p>\n<h1><\/h1>\n<h1><\/h1>\n<h1><\/h1>\n<h1><\/h1>\n<h1><\/h1>\n<h1>\u00dcber mich<\/h1>\n<p>Ich habe mich schon fr\u00fch f\u00fcr Bewegung interessiert. Meine erste gro\u00dfe &#8220;Bewegungsleidenschaft&#8221; war der Tanz! Im speziellern der afrikanische Tanz! Meine erste Tanzlehrerin war auch Yogalehrerin und so bekam ich erste Einblicke in die Yogawelt! Ich entschied mich beruflich f\u00fcr die Ausbildung zur Physiotherapie, um alles \u00fcber den menschlichen K\u00f6rper zu lernen.\u00a0Irgendwann entdeckte ich in meiner Heimatstadt Bad Neuenahr, das \u00a0Iyengar\u00ae-Yoga Institut Rhein &#8211; Ahr und meine Yogaleidenschaft vertiefte sich. Vor allem die anatomische Pr\u00e4zision in der Ausf\u00fchrung der Asanas faszinierten mich enorm gerade vor dem Hintergrund der Physiotherapie. Vom regelm\u00e4\u00dfigen \u00dcben, entschied ich mich nach einigen Jahren f\u00fcr die Ausbildung zur Iyengar-Yogalehrerin.<\/p>\n<p>[\/et_pb_text][\/et_pb_column][et_pb_column type=&#8221;1_2&#8243; _builder_version=&#8221;4.21.2&#8243; _module_preset=&#8221;default&#8221; global_colors_info=&#8221;{}&#8221;][et_pb_text _builder_version=&#8221;4.21.2&#8243; _module_preset=&#8221;default&#8221; custom_margin=&#8221;110px||||false|false&#8221; custom_margin_tablet=&#8221;-58px||||false|false&#8221; custom_margin_phone=&#8221;-59px||||false|false&#8221; custom_margin_last_edited=&#8221;on|desktop&#8221; hover_enabled=&#8221;0&#8243; global_colors_info=&#8221;{}&#8221; sticky_enabled=&#8221;0&#8243;]<\/p>\n<p style=\"font-weight: 400;\">Seitdem h\u00f6rt das Lernen \u00a0nicht auf, eigenes \u00dcben und ebenso die st\u00e4ndige Weiterbildung bilden die Basis meines Unterrichtens. Ich unterrichte mit viel Freude und Kreativit\u00e4t, mir liegt es am Herzen die Erfahrung des Yoga weiterzugeben. In der heutigen Zeit ist es so wichtig, die<span>\u00a0<\/span>Verantwortung f\u00fcr sich, den eigenen K\u00f6rper und auch f\u00fcr die Gesundheit<span>\u00a0<\/span>wieder selbst<span>\u00a0mehr\u00a0<\/span>in die H\u00e4nde zu nehmen. Yoga ist f\u00fcr mich das passende Werkzeug auf diesem <span>\u00a0<\/span>Weg selbstwirksam zu werden und zu sein.<\/p>\n<p style=\"font-weight: 400;\">Neben dem Unterrichten von Gruppen ist der Yoga und die Spiraldynamik ebenso eine gro\u00dfe Bereicherung in der Physiotherapie. In therapeutischen Einzelsitzungen bietet diese Kombination ein gro\u00dfes Potenzial zur Verbesserung k\u00f6rperlicher Beschwerden.<\/p>\n<p style=\"font-weight: 400;\"><span><\/span><\/p>\n<p>&nbsp;<\/p>\n<p>&nbsp;<\/p>\n<p>&nbsp;<\/p>\n<p>[\/et_pb_text][\/et_pb_column][\/et_pb_row][\/et_pb_section][et_pb_section fb_built=&#8221;1&#8243; _builder_version=&#8221;4.21.2&#8243; _module_preset=&#8221;default&#8221; background_color=&#8221;#e8e8e8&#8243; min_height_tablet=&#8221;1000px&#8221; min_height_phone=&#8221;1000px&#8221; min_height_last_edited=&#8221;on|phone&#8221; height_tablet=&#8221;470px&#8221; height_phone=&#8221;643px&#8221; height_last_edited=&#8221;on|phone&#8221; max_height_tablet=&#8221;575px&#8221; max_height_phone=&#8221;498px&#8221; max_height_last_edited=&#8221;on|phone&#8221; global_colors_info=&#8221;{}&#8221;][et_pb_row column_structure=&#8221;3_5,2_5&#8243; _builder_version=&#8221;4.21.2&#8243; _module_preset=&#8221;default&#8221; global_colors_info=&#8221;{}&#8221;][et_pb_column type=&#8221;3_5&#8243; _builder_version=&#8221;4.21.2&#8243; _module_preset=&#8221;default&#8221; global_colors_info=&#8221;{}&#8221;][et_pb_text _builder_version=&#8221;4.21.2&#8243; _module_preset=&#8221;default&#8221; global_colors_info=&#8221;{}&#8221;]<\/p>\n<h1>Yoga bedeutet f\u00fcr mich,&#8230;<\/h1>\n<p style=\"font-weight: 400;\">\n<p style=\"font-weight: 400;\">Yoga bedeutet f\u00fcr mich Selbstf\u00fcrsorge in einer heute sehr schnelllebigen Zeit. Neben dem eindeutig gesundheitlichen Aspekt<span>\u00a0 <\/span>tritt f\u00fcr mich \u00fcber das langj\u00e4hrige \u00dcben die spirituelle Erfahrung immer mehr<span>\u00a0 <\/span>in den Vordergrund. Im Moment des \u00dcbens bleibt die Zeit stehen und ich bin verbunden mit mir, meinem K\u00f6rper, der Konzentration den Leib<span>\u00a0 <\/span>auszurichten. <span>\u00a0<\/span>Wenn diese Vorg\u00e4nge immer mehr automatisiert werden, treten sie in den Hintergrund und es entsteht Raum f\u00fcr Stille, das \u00dcben wird meditativer,\u2026<\/p>\n<p style=\"font-weight: 400;\">Das Wissen um die anatomischen Bewegungsprinzipien der Spiraldynamik hat mein Unterrichten und meine eigene \u00dcbungspraxis enorm bereichert. Das Praktizieren wird noch mehr zur eigenen K\u00f6rperarbeit und Potentialentfaltung. Ich freue mich darauf Dich auf Deinem Yogaweg zu inspirieren!<\/p>\n<p style=\"font-weight: 400;\">\n<p>[\/et_pb_text][\/et_pb_column][et_pb_column type=&#8221;2_5&#8243; _builder_version=&#8221;4.21.2&#8243; _module_preset=&#8221;default&#8221; global_colors_info=&#8221;{}&#8221;][et_pb_image src=&#8221;http:\/\/imotion-yoga.de\/wp-content\/uploads\/2023\/08\/Ilios-2018-125-scaled.jpg&#8221; title_text=&#8221;Exif_JPEG_PICTURE&#8221; _builder_version=&#8221;4.21.2&#8243; _module_preset=&#8221;default&#8221; border_radii=&#8221;on|800px|800px|800px|800px&#8221; global_colors_info=&#8221;{}&#8221;][\/et_pb_image][\/et_pb_column][\/et_pb_row][\/et_pb_section][et_pb_section fb_built=&#8221;1&#8243; _builder_version=&#8221;4.21.2&#8243; _module_preset=&#8221;default&#8221; background_color=&#8221;#fff3ed&#8221; min_height_tablet=&#8221;675px&#8221; min_height_phone=&#8221;816px&#8221; min_height_last_edited=&#8221;on|phone&#8221; height_tablet=&#8221;638px&#8221; height_phone=&#8221;902px&#8221; height_last_edited=&#8221;on|phone&#8221; global_colors_info=&#8221;{}&#8221;][et_pb_row column_structure=&#8221;1_2,1_2&#8243; _builder_version=&#8221;4.21.2&#8243; _module_preset=&#8221;default&#8221; global_colors_info=&#8221;{}&#8221;][et_pb_column type=&#8221;1_2&#8243; _builder_version=&#8221;4.21.2&#8243; _module_preset=&#8221;default&#8221; global_colors_info=&#8221;{}&#8221;][et_pb_text _builder_version=&#8221;4.21.2&#8243; _module_preset=&#8221;default&#8221; global_colors_info=&#8221;{}&#8221;]<\/p>\n<h1>Beruflicher Werdegang<span style=\"font-size: 14px; color: #666666; font-family: 'Open Sans', Arial, sans-serif;\">\u00a0<\/span><span style=\"font-size: 14px; color: #666666; font-family: 'Open Sans', Arial, sans-serif;\">\u00a0 \u00a0 \u00a0 \u00a0 \u00a0 \u00a0 \u00a0 \u00a0 \u00a0 \u00a0 \u00a0 \u00a0 \u00a0 \u00a0 \u00a0 \u00a0 \u00a0 \u00a0 \u00a0 \u00a0 \u00a0 \u00a0 \u00a0 \u00a0 \u00a0 \u00a0 \u00a0 \u00a0 \u00a0 \u00a0 \u00a0 \u00a0 \u00a0 \u00a0 \u00a0 \u00a0 \u00a0 \u00a0 \u00a0 \u00a0 \u00a0 \u00a0 \u00a0 \u00a0 \u00a0 \u00a0 \u00a0 \u00a0 \u00a0 \u00a0 \u00a0 \u00a0 \u00a0 \u00a0 \u00a0<\/span><\/h1>\n<h1><strong style=\"font-size: 14px; color: #666666; font-family: 'Open Sans', Arial, sans-serif;\"><\/strong><\/h1>\n<ul>\n<li><strong style=\"font-size: 14px; color: #666666; font-family: 'Open Sans', Arial, sans-serif;\">2020 Spiraldynamik Basic \u2013 Fachkraft f\u00fcr Spiraldynamik. (Lilla Wuttich)<\/strong><\/li>\n<li><span style=\"font-size: 14px;\"><strong>2019 Yogatherapie-Ausbildung nach den Prinzipien der Spiraldynamik<\/strong><\/span><strong style=\"font-size: 14px;\">\u00ae bei\u00a0Lilla Wuttich in Berlin\u00a0<\/strong><\/li>\n<li>2017 Sektoraler Heilpraktiker Physiotherapie.<\/li>\n<li><span style=\"font-size: 14px;\">2015-2017 Ausbildung in Craniosacraler Biodynamik an der UTA-Akademie in Ko\u0308ln mit Michael Mokrus und\u00a0SaritoFuhrmann-Bailes<\/span><\/li>\n<li><span style=\"font-size: 14px;\">2013-2014 Physioenergetik nach Raphael van Assche<\/span><\/li>\n<\/ul>\n<ul>\n<li><span>2013 Ko\u0308rperspuren : Charaktertypen (nach Wilhelm Reich)<\/span><\/li>\n<li><span>2011- 2012 Impuls\u00ae Integrative Ko\u0308rperpsychotherapie nach Bernhard Voss<\/span><\/li>\n<li><span><strong>2007-2010 3-ja\u0308hrige Ausbildung zur zertifizierten Iyengar\u00ae- Yogalehrerin am Institut Rhein\/Ahr Bad Neuenahr K\u00f6ln<\/strong><\/span><\/li>\n<li><span>2004-2007 Ausgleichende Punkt und Meridianmassage AnPiMoMai\u00ae<\/span><\/li>\n<li><span>2005 Dorn-Breuss Wirbelsa\u0308ulentherapie<\/span><\/li>\n<li><span>2005 Manuelle Therapie Wirbelsa\u0308ule<\/span><\/li>\n<li><span>2001-2002 Touch for Health 2<\/span><span><\/span><\/li>\n<li><span><strong>1996-1999 Ausbildung zur Physiotherapeutin an der Rudolph-Klapp-Schule in Marburg\u00a0\u00a0\u00a0\u00a0\u00a0\u00a0\u00a0\u00a0\u00a0<\/strong> <\/span><\/li>\n<\/ul>\n<ul><\/ul>\n<p>[\/et_pb_text][\/et_pb_column][et_pb_column type=&#8221;1_2&#8243; _builder_version=&#8221;4.21.2&#8243; _module_preset=&#8221;default&#8221; global_colors_info=&#8221;{}&#8221;][\/et_pb_column][\/et_pb_row][\/et_pb_section]<\/p>\n","protected":false},"excerpt":{"rendered":"<p>\u00a0 Ilona M\u00fcller &nbsp; \u00dcber mich Ich habe mich schon fr\u00fch f\u00fcr Bewegung interessiert. Meine erste gro\u00dfe &#8220;Bewegungsleidenschaft&#8221; war der Tanz! Im speziellern der afrikanische Tanz! Meine erste Tanzlehrerin war auch Yogalehrerin und so bekam ich erste Einblicke in die Yogawelt! Ich entschied mich beruflich f\u00fcr die Ausbildung zur Physiotherapie, um alles \u00fcber den menschlichen [&hellip;]<\/p>\n","protected":false},"author":1,"featured_media":0,"parent":0,"menu_order":0,"comment_status":"closed","ping_status":"open","template":"","meta":{"_et_pb_use_builder":"on","_et_pb_old_content":"<!-- wp:paragraph -->\n<p>Dies ist eine Beispiel-Seite. Sie unterscheidet sich von Beitr\u00e4gen, da sie stets an derselben Stelle bleibt und (bei den meisten Themes) in der Website-Navigation angezeigt wird. Die meisten starten mit einem Impressum, der Datenschutzerkl\u00e4rung oder einer \u201e\u00dcber&nbsp;uns\u201c-Seite, um sich potenziellen Besuchern der Website vorzustellen. Dort k\u00f6nnte zum Beispiel stehen:<\/p>\n<!-- \/wp:paragraph -->\n\n<!-- wp:quote -->\n<blockquote class=\"wp-block-quote\"><!-- wp:paragraph -->\n<p>Hallo! Tags\u00fcber arbeite ich als Fahrradkurier, nachts bin ich ein aufstrebender Schauspieler und dies hier ist meine Website. Ich lebe in Berlin, habe einen gro\u00dfen Hund namens Jack, mag Pi\u00f1a Coladas, jedoch weniger (ohne Schirm) im Regen stehen gelassen zu werden.<\/p>\n<!-- \/wp:paragraph --><\/blockquote>\n<!-- \/wp:quote -->\n\n<!-- wp:paragraph -->\n<p>...&nbsp;oder so etwas wie:<\/p>\n<!-- \/wp:paragraph -->\n\n<!-- wp:quote -->\n<blockquote class=\"wp-block-quote\"><!-- wp:paragraph -->\n<p>Das Unternehmen XYZ wurde 1971 gegr\u00fcndet und versorgt die \u00d6ffentlichkeit seither mit qualitativ hochwertigen Produkten. An seinem Standort in einer kleinen Gro\u00dfstadt besch\u00e4ftigt der Betrieb \u00fcber 2.000 Menschen und unterst\u00fctzt die Stadtbewohner in vielfacher Hinsicht.<\/p>\n<!-- \/wp:paragraph --><\/blockquote>\n<!-- \/wp:quote -->\n\n<!-- wp:paragraph -->\n<p>Als neuer WordPress-Benutzer solltest du <a href=\"http:\/\/imotion-yoga.de\/wp-admin\/\">dein Dashboard<\/a> aufrufen, um diese Seite zu l\u00f6schen und neue Seiten und Beitr\u00e4ge f\u00fcr deine Website erstellen. Viel Spa\u00df!<\/p>\n<!-- \/wp:paragraph -->","_et_gb_content_width":"","om_disable_all_campaigns":false,"_monsterinsights_skip_tracking":false,"_monsterinsights_sitenote_active":false,"_monsterinsights_sitenote_note":"","_monsterinsights_sitenote_category":0,"footnotes":""},"class_list":["post-2","page","type-page","status-publish","hentry"],"aioseo_notices":[],"_links":{"self":[{"href":"http:\/\/imotion-yoga.de\/home\/wp-json\/wp\/v2\/pages\/2","targetHints":{"allow":["GET"]}}],"collection":[{"href":"http:\/\/imotion-yoga.de\/home\/wp-json\/wp\/v2\/pages"}],"about":[{"href":"http:\/\/imotion-yoga.de\/home\/wp-json\/wp\/v2\/types\/page"}],"author":[{"embeddable":true,"href":"http:\/\/imotion-yoga.de\/home\/wp-json\/wp\/v2\/users\/1"}],"replies":[{"embeddable":true,"href":"http:\/\/imotion-yoga.de\/home\/wp-json\/wp\/v2\/comments?post=2"}],"version-history":[{"count":14,"href":"http:\/\/imotion-yoga.de\/home\/wp-json\/wp\/v2\/pages\/2\/revisions"}],"predecessor-version":[{"id":570,"href":"http:\/\/imotion-yoga.de\/home\/wp-json\/wp\/v2\/pages\/2\/revisions\/570"}],"wp:attachment":[{"href":"http:\/\/imotion-yoga.de\/home\/wp-json\/wp\/v2\/media?parent=2"}],"curies":[{"name":"wp","href":"https:\/\/api.w.org\/{rel}","templated":true}]}}