{"id":21,"date":"2023-08-07T18:08:47","date_gmt":"2023-08-07T16:08:47","guid":{"rendered":"http:\/\/imotion-yoga.de\/?page_id=21"},"modified":"2024-01-04T18:00:21","modified_gmt":"2024-01-04T17:00:21","slug":"spiraldynamik","status":"publish","type":"page","link":"http:\/\/imotion-yoga.de\/home\/spiraldynamik\/","title":{"rendered":"Spiraldynamik\u00ae"},"content":{"rendered":"<p>[et_pb_section fb_built=&#8221;1&#8243; _builder_version=&#8221;4.21.2&#8243; _module_preset=&#8221;default&#8221; background_image=&#8221;http:\/\/imotion-yoga.de\/wp-content\/uploads\/2023\/08\/kevin-bergen-Jz1nOfE_AEE-unsplash-scaled.jpg&#8221; min_height=&#8221;511px&#8221; global_colors_info=&#8221;{}&#8221;][et_pb_row column_structure=&#8221;1_5,3_5,1_5&#8243; _builder_version=&#8221;4.21.0&#8243; _module_preset=&#8221;default&#8221; global_colors_info=&#8221;{}&#8221;][et_pb_column type=&#8221;1_5&#8243; _builder_version=&#8221;4.21.0&#8243; _module_preset=&#8221;default&#8221; global_colors_info=&#8221;{}&#8221;][\/et_pb_column][et_pb_column type=&#8221;3_5&#8243; _builder_version=&#8221;4.21.0&#8243; _module_preset=&#8221;default&#8221; global_colors_info=&#8221;{}&#8221;][et_pb_text _builder_version=&#8221;4.21.2&#8243; _module_preset=&#8221;default&#8221; header_font=&#8221;|700|||||||&#8221; header_font_size=&#8221;73px&#8221; background_color=&#8221;rgba(255,255,255,0.69)&#8221; custom_margin=&#8221;80px||-11px||false|false&#8221; custom_padding=&#8221;||10px|22px|false|false&#8221; header_font_size_tablet=&#8221;73px&#8221; header_font_size_phone=&#8221;32px&#8221; header_font_size_last_edited=&#8221;on|phone&#8221; border_radii=&#8221;on|50px|50px|50px|50px&#8221; global_colors_info=&#8221;{}&#8221;]<\/p>\n<h1><\/h1>\n<h1><\/h1>\n<h1><\/h1>\n<h1><\/h1>\n<h1><\/h1>\n<h1>Spiraldynamik\u00ae<\/h1>\n<p>&nbsp;<\/p>\n<p>[\/et_pb_text][\/et_pb_column][et_pb_column type=&#8221;1_5&#8243; _builder_version=&#8221;4.21.0&#8243; _module_preset=&#8221;default&#8221; global_colors_info=&#8221;{}&#8221;][\/et_pb_column][\/et_pb_row][\/et_pb_section][et_pb_section fb_built=&#8221;1&#8243; _builder_version=&#8221;4.21.2&#8243; _module_preset=&#8221;default&#8221; background_color=&#8221;#fff3ed&#8221; min_height=&#8221;361px&#8221; min_height_tablet=&#8221;538px&#8221; min_height_phone=&#8221;838px&#8221; min_height_last_edited=&#8221;on|phone&#8221; height=&#8221;434px&#8221; height_tablet=&#8221;466px&#8221; height_phone=&#8221;766px&#8221; height_last_edited=&#8221;on|tablet&#8221; max_height=&#8221;425px&#8221; max_height_tablet=&#8221;466px&#8221; max_height_phone=&#8221;720px&#8221; max_height_last_edited=&#8221;on|tablet&#8221; hover_enabled=&#8221;0&#8243; global_colors_info=&#8221;{}&#8221; sticky_enabled=&#8221;0&#8243;][et_pb_row column_structure=&#8221;1_2,1_2&#8243; _builder_version=&#8221;4.21.2&#8243; _module_preset=&#8221;default&#8221; width=&#8221;79.7%&#8221; global_colors_info=&#8221;{}&#8221;][et_pb_column type=&#8221;1_2&#8243; _builder_version=&#8221;4.21.2&#8243; _module_preset=&#8221;default&#8221; global_colors_info=&#8221;{}&#8221;][et_pb_text _builder_version=&#8221;4.21.2&#8243; _module_preset=&#8221;default&#8221; header_font=&#8221;Domine|700|||||||&#8221; header_text_color=&#8221;#E09900&#8243; header_font_size=&#8221;34px&#8221; global_colors_info=&#8221;{}&#8221;]<\/p>\n<h1><span>Was ist Spiraldynamik\u00ae?<\/span><\/h1>\n<p><span><strong>Spiraldynamik\u00a0<\/strong>ist ein Therapie und Bewegungskonzept, das momentan in der Physiotherapie immer popul\u00e4rer wird. Umgangssprachlich ausgedr\u00fcckt ist es die Anleitung \u00a0f\u00fcr gesunde K\u00f6rperbewegung. Spiralige Dynamik \u00a0ist der Kern menschlicher Bewegung. Unsere ganze strukturelle K\u00f6rperanatomie ist spiralig angelegt, Knochen spiralig verschraubt, Muskeln und B\u00e4nder in Spiralen angeordnet, sodass zwangsl\u00e4ufig auch unsere nat\u00fcrliche Bewegung spiralig erfolgt.<\/span><\/p>\n<p><span><\/span><\/p>\n<p><span><\/span><\/p>\n<p><span><\/span><\/p>\n<p>&nbsp;<\/p>\n<p><span><\/span><\/p>\n<p>&nbsp;<\/p>\n<p><span><\/span><\/p>\n<p><span><\/span><\/p>\n<p><span><\/span><\/p>\n<p><span><\/span><\/p>\n<p><span><\/span><\/p>\n<p><span><\/span><\/p>\n<p>&nbsp;<\/p>\n<p>[\/et_pb_text][\/et_pb_column][et_pb_column type=&#8221;1_2&#8243; _builder_version=&#8221;4.21.2&#8243; _module_preset=&#8221;default&#8221; global_colors_info=&#8221;{}&#8221;][et_pb_text _builder_version=&#8221;4.21.2&#8243; _module_preset=&#8221;default&#8221; header_font=&#8221;|700|||||||&#8221; header_text_color=&#8221;#EDF000&#8243; custom_margin_tablet=&#8221;-276px||||false|false&#8221; custom_margin_phone=&#8221;-299px||3px||false|false&#8221; custom_margin_last_edited=&#8221;on|phone&#8221; hover_enabled=&#8221;0&#8243; global_colors_info=&#8221;{}&#8221; custom_padding=&#8221;3px||11px||false|false&#8221; sticky_enabled=&#8221;0&#8243;]<\/p>\n<p>&nbsp;<\/p>\n<p><strong>Doch was genau ist der Vorteil, dieser nat\u00fcrlichen Bewegungsprogramme? <\/strong><\/p>\n<p>Bewegung wird leicht und ergonomisch, K\u00f6rperstrukturen wie Gelenke, B\u00e4nder und Knochen werden ausgeglichen belastet, sodass es zu weniger Abnutzungserscheinungen kommt. Von Grund auf ist der K\u00f6rper so konzipiert, dass er sich mit minimaler Haltearbeit im Lot halten kann. Das Skelett tr\u00e4gt sich fast von alleine. Auf zum Beispiel Yogapositionen \u00fcbertragen hei\u00dft das, dass Stabilit\u00e4t und Entspannung gleicherma\u00dfen m\u00f6glich ist. Das \u00dcben wird weicher und m\u00fcheloser.<\/p>\n<p>&nbsp;<\/p>\n<p><span><\/span><\/p>\n<p><span><\/span><\/p>\n<p><span><\/span><\/p>\n<p>&nbsp;<\/p>\n<p>[\/et_pb_text][\/et_pb_column][\/et_pb_row][\/et_pb_section][et_pb_section fb_built=&#8221;1&#8243; _builder_version=&#8221;4.21.2&#8243; _module_preset=&#8221;default&#8221; hover_enabled=&#8221;0&#8243; global_colors_info=&#8221;{}&#8221; background_color=&#8221;#e8e8e8&#8243; sticky_enabled=&#8221;0&#8243;][et_pb_row column_structure=&#8221;1_2,1_2&#8243; _builder_version=&#8221;4.21.2&#8243; _module_preset=&#8221;default&#8221; global_colors_info=&#8221;{}&#8221;][et_pb_column type=&#8221;1_2&#8243; _builder_version=&#8221;4.21.2&#8243; _module_preset=&#8221;default&#8221; global_colors_info=&#8221;{}&#8221;][et_pb_text _builder_version=&#8221;4.21.2&#8243; _module_preset=&#8221;default&#8221; global_colors_info=&#8221;{}&#8221;]<\/p>\n<p><strong>Symptome und Beschwerden<\/strong> im K\u00f6rper haben oft eine lange Vorgeschichte. An der habituellen K\u00f6rperhaltung und den Bewegungsmustern, zum Beispiel im Gehen und Laufen kann erkannt werden, wo die Ursachen der Beschwerden zu finden sind.<\/p>\n<p>Alles was in der Haltung und der t\u00e4glichen Bewegungsroutine vom K\u00f6rperlot abweicht erzeugt vermehrten Druck durch diese Hebelwirkung in einzelnen K\u00f6rperbereichen. Ist zum Beispiel der Schulterg\u00fcrtel chronisch nach hinten verlagert und das Becken vorgeschoben, kommt es zu hoher Belastung in der Lendenwirbels\u00e4ule, was auf lange Sicht Schmerzen bereiten kann. \u00c4hnliche Analogien k\u00f6nnen im gesamten K\u00f6rper zu finden sein.<\/p>\n<p><span style=\"font-size: 14px;\"><\/span><\/p>\n<p>&nbsp;<\/p>\n<p>&nbsp;<\/p>\n<p>[\/et_pb_text][\/et_pb_column][et_pb_column type=&#8221;1_2&#8243; _builder_version=&#8221;4.21.2&#8243; _module_preset=&#8221;default&#8221; global_colors_info=&#8221;{}&#8221;][et_pb_text _builder_version=&#8221;4.21.2&#8243; _module_preset=&#8221;default&#8221; hover_enabled=&#8221;0&#8243; sticky_enabled=&#8221;0&#8243; custom_margin_last_edited=&#8221;on|phone&#8221; custom_margin_phone=&#8221;-100px||||false|false&#8221; custom_margin_tablet=&#8221;-100px||||false|false&#8221;]<\/p>\n<p><strong>In der Behandlung geht es darum:<\/strong><\/p>\n<ul>\n<li>eigene Bewegungsgewohnheiten zu erkennen.<\/li>\n<li>Neue Bewegung zu &#8220;programmieren&#8221; mittels\u00a0<span style=\"font-size: 14px;\">Mobilisierung, Dehnung, Kr\u00e4ftigung der entsprechenden Strukturen (Gelenke, Muskeln, Faszien), verbunden mit dem Erlernen der neuen Bewegungskoordination, also dem Ablauf der\u00a0<\/span>Bewegung.<\/li>\n<\/ul>\n<p>&nbsp;<\/p>\n<p>[\/et_pb_text][\/et_pb_column][\/et_pb_row][\/et_pb_section]<\/p>\n","protected":false},"excerpt":{"rendered":"<p>Spiraldynamik\u00ae &nbsp;Was ist Spiraldynamik\u00ae? Spiraldynamik\u00a0ist ein Therapie und Bewegungskonzept, das momentan in der Physiotherapie immer popul\u00e4rer wird. Umgangssprachlich ausgedr\u00fcckt ist es die Anleitung \u00a0f\u00fcr gesunde K\u00f6rperbewegung. Spiralige Dynamik \u00a0ist der Kern menschlicher Bewegung. Unsere ganze strukturelle K\u00f6rperanatomie ist spiralig angelegt, Knochen spiralig verschraubt, Muskeln und B\u00e4nder in Spiralen angeordnet, sodass zwangsl\u00e4ufig auch unsere nat\u00fcrliche Bewegung [&hellip;]<\/p>\n","protected":false},"author":1,"featured_media":0,"parent":0,"menu_order":0,"comment_status":"closed","ping_status":"closed","template":"","meta":{"_et_pb_use_builder":"on","_et_pb_old_content":"","_et_gb_content_width":"","om_disable_all_campaigns":false,"_monsterinsights_skip_tracking":false,"_monsterinsights_sitenote_active":false,"_monsterinsights_sitenote_note":"","_monsterinsights_sitenote_category":0,"footnotes":""},"class_list":["post-21","page","type-page","status-publish","hentry"],"aioseo_notices":[],"_links":{"self":[{"href":"http:\/\/imotion-yoga.de\/home\/wp-json\/wp\/v2\/pages\/21","targetHints":{"allow":["GET"]}}],"collection":[{"href":"http:\/\/imotion-yoga.de\/home\/wp-json\/wp\/v2\/pages"}],"about":[{"href":"http:\/\/imotion-yoga.de\/home\/wp-json\/wp\/v2\/types\/page"}],"author":[{"embeddable":true,"href":"http:\/\/imotion-yoga.de\/home\/wp-json\/wp\/v2\/users\/1"}],"replies":[{"embeddable":true,"href":"http:\/\/imotion-yoga.de\/home\/wp-json\/wp\/v2\/comments?post=21"}],"version-history":[{"count":11,"href":"http:\/\/imotion-yoga.de\/home\/wp-json\/wp\/v2\/pages\/21\/revisions"}],"predecessor-version":[{"id":466,"href":"http:\/\/imotion-yoga.de\/home\/wp-json\/wp\/v2\/pages\/21\/revisions\/466"}],"wp:attachment":[{"href":"http:\/\/imotion-yoga.de\/home\/wp-json\/wp\/v2\/media?parent=21"}],"curies":[{"name":"wp","href":"https:\/\/api.w.org\/{rel}","templated":true}]}}