{"id":420,"date":"2023-11-13T13:59:34","date_gmt":"2023-11-13T12:59:34","guid":{"rendered":"http:\/\/imotion-yoga.de\/home\/?page_id=420"},"modified":"2023-11-13T18:02:05","modified_gmt":"2023-11-13T17:02:05","slug":"yogareise-marken-2024","status":"publish","type":"page","link":"http:\/\/imotion-yoga.de\/home\/yogareise-marken-2024\/","title":{"rendered":"Yogareise Marken 2024"},"content":{"rendered":"<p>[et_pb_section fb_built=&#8221;1&#8243; fullwidth=&#8221;on&#8221; _builder_version=&#8221;4.21.2&#8243; _module_preset=&#8221;default&#8221; global_colors_info=&#8221;{}&#8221;][et_pb_fullwidth_slider _builder_version=&#8221;4.21.2&#8243; _module_preset=&#8221;default&#8221; header_text_color=&#8221;#E09900&#8243; header_font_size=&#8221;57px&#8221; background_enable_color=&#8221;off&#8221; hover_enabled=&#8221;0&#8243; global_colors_info=&#8221;{}&#8221; sticky_enabled=&#8221;0&#8243;][et_pb_slide heading=&#8221;Yogareisen&#8221; _builder_version=&#8221;4.21.2&#8243; _module_preset=&#8221;default&#8221; background_color=&#8221;RGBA(255,255,255,0)&#8221; background_enable_color=&#8221;on&#8221; background_image=&#8221;http:\/\/imotion-yoga.de\/wp-content\/uploads\/2023\/08\/P1040942-scaled.jpg&#8221; background_enable_image=&#8221;on&#8221; hover_enabled=&#8221;0&#8243; global_colors_info=&#8221;{}&#8221; sticky_transition=&#8221;on&#8221; sticky_enabled=&#8221;0&#8243; header_font_size=&#8221;50px&#8221; header_font_size_last_edited=&#8221;on|phone&#8221; header_font_size_tablet=&#8221;50px&#8221; header_font_size_phone=&#8221;50px&#8221;]<\/p>\n<p>Deine Yogaauszeit vom Alltag. Pure Entspannung auf und um die Yogamatte herum<\/p>\n<p>[\/et_pb_slide][et_pb_slide heading=&#8221;Yogareisen&#8221; _builder_version=&#8221;4.21.2&#8243; _module_preset=&#8221;default&#8221; background_image=&#8221;http:\/\/imotion-yoga.de\/wp-content\/uploads\/2023\/08\/P1040965-scaled.jpg&#8221; background_enable_image=&#8221;on&#8221; hover_enabled=&#8221;0&#8243; global_colors_info=&#8221;{}&#8221; sticky_transition=&#8221;on&#8221; header_level=&#8221;h1&#8243; header_font_size_last_edited=&#8221;on|phone&#8221; header_font_size_phone=&#8221;52px&#8221; sticky_enabled=&#8221;0&#8243;]<\/p>\n<p>Deine Yogaauszeit vom Alltag. Pure Entspannung auf und um die Yogamatte herum<\/p>\n<p>[\/et_pb_slide][et_pb_slide heading=&#8221;Yogareisen&#8221; _builder_version=&#8221;4.21.2&#8243; _module_preset=&#8221;default&#8221; background_image=&#8221;http:\/\/imotion-yoga.de\/wp-content\/uploads\/2023\/08\/Ilios-2018-125-scaled.jpg&#8221; background_enable_image=&#8221;on&#8221; hover_enabled=&#8221;0&#8243; global_colors_info=&#8221;{}&#8221; sticky_transition=&#8221;on&#8221; header_font_size_last_edited=&#8221;on|phone&#8221; header_font_size_phone=&#8221;49px&#8221; sticky_enabled=&#8221;0&#8243;]<\/p>\n<p>Deine Yogaauszeit vom Alltag. Pure Entspannung auf und um die Yogamatte herum<\/p>\n<p>[\/et_pb_slide][\/et_pb_fullwidth_slider][\/et_pb_section][et_pb_section fb_built=&#8221;1&#8243; _builder_version=&#8221;4.21.2&#8243; _module_preset=&#8221;default&#8221; background_color=&#8221;#fff3ed&#8221; custom_padding=&#8221;41px|||||&#8221; hover_enabled=&#8221;0&#8243; global_colors_info=&#8221;{}&#8221; sticky_enabled=&#8221;0&#8243;][et_pb_row _builder_version=&#8221;4.21.2&#8243; _module_preset=&#8221;default&#8221; custom_margin=&#8221;-14px|auto||auto||&#8221; global_colors_info=&#8221;{}&#8221;][et_pb_column type=&#8221;4_4&#8243; _builder_version=&#8221;4.21.2&#8243; _module_preset=&#8221;default&#8221; global_colors_info=&#8221;{}&#8221;][et_pb_text _builder_version=&#8221;4.21.2&#8243; _module_preset=&#8221;default&#8221; header_font_size=&#8221;32px&#8221; header_2_font_size=&#8221;51px&#8221; header_3_font_size=&#8221;29px&#8221; header_4_font_size=&#8221;20px&#8221; hover_enabled=&#8221;0&#8243; global_colors_info=&#8221;{}&#8221; header_4_line_height=&#8221;1.4em&#8221; text_font_size_last_edited=&#8221;on|phone&#8221; text_font_size_phone=&#8221;26px&#8221; sticky_enabled=&#8221;0&#8243;]<\/p>\n<h1>Yogareise in die Marken vom 19.10. &#8211; 25.10.24<\/h1>\n<h4>Iyengar\u00ae &#8211;\u00a0Yoga trift Spiraldynamik\u00ae &#8211; eine Reise zu Dir selbst<\/h4>\n<p>[\/et_pb_text][\/et_pb_column][\/et_pb_row][\/et_pb_section][et_pb_section fb_built=&#8221;1&#8243; _builder_version=&#8221;4.21.2&#8243; _module_preset=&#8221;default&#8221; background_color=&#8221;#fff3ed&#8221; global_colors_info=&#8221;{}&#8221;][et_pb_row column_structure=&#8221;3_5,2_5&#8243; _builder_version=&#8221;4.21.2&#8243; _module_preset=&#8221;default&#8221; custom_margin=&#8221;-123px||||false|false&#8221; global_colors_info=&#8221;{}&#8221;][et_pb_column type=&#8221;3_5&#8243; _builder_version=&#8221;4.21.2&#8243; _module_preset=&#8221;default&#8221; global_colors_info=&#8221;{}&#8221;][et_pb_text _builder_version=&#8221;4.21.2&#8243; _module_preset=&#8221;default&#8221; custom_margin=&#8221;0px||||false|false&#8221; hover_enabled=&#8221;0&#8243; global_colors_info=&#8221;{}&#8221; custom_margin_last_edited=&#8221;on|phone&#8221; custom_margin_phone=&#8221;-21px||||false|false&#8221; sticky_enabled=&#8221;0&#8243; custom_margin_tablet=&#8221;0px||||false|false&#8221;]<\/p>\n<p>In dieser Woche reisen wir durch unseren K\u00f6rper und verkn\u00fcpfen Spiraldynamik\u00ae mit Iyengar\u00ae-Yoga. Und das vor einer traumhaften Kulisse, eingebunden in mediterrane Natur ganz nahe dem Meer. Wir haben viel, viel Zeit f\u00fcr Yoga, Entspannung oder was auch immer Dein Herz begehrt! Im Yoga erlernst Du die klaren anatomischen Prinzipien, die zu einer ausbalancierten Ausrichtung im K\u00f6rper f\u00fchren. Von Tag zu Tag widmen wir uns den verschiedenen Asana &#8211; Kategorien. Morgens \u00fcben wir aktive Sequenzen und am Nachmittag tauchen wir ein in regeneratives \u00dcben, tief mit dem Atem und dessen Wahrnehmung verbunden, bis hin zu Pranayama, den gezielten Atemtechniken.<\/p>\n<p>[\/et_pb_text][\/et_pb_column][et_pb_column type=&#8221;2_5&#8243; _builder_version=&#8221;4.21.2&#8243; _module_preset=&#8221;default&#8221; global_colors_info=&#8221;{}&#8221;][\/et_pb_column][\/et_pb_row][et_pb_row column_structure=&#8221;1_2,1_2&#8243; _builder_version=&#8221;4.21.2&#8243; _module_preset=&#8221;default&#8221; hover_enabled=&#8221;0&#8243; global_colors_info=&#8221;{}&#8221; custom_margin_last_edited=&#8221;on|phone&#8221; custom_margin_phone=&#8221;-66px||||false|false&#8221; sticky_enabled=&#8221;0&#8243;][et_pb_column type=&#8221;1_2&#8243; _builder_version=&#8221;4.21.2&#8243; _module_preset=&#8221;default&#8221; global_colors_info=&#8221;{}&#8221;][et_pb_image src=&#8221;http:\/\/imotion-yoga.de\/wp-content\/uploads\/2023\/11\/VillaGarulli_c@NEUEWEGE-1-scaled.jpg&#8221; title_text=&#8221;VillaGarulli_c@NEUEWEGE (1)&#8221; _builder_version=&#8221;4.21.2&#8243; _module_preset=&#8221;default&#8221; global_colors_info=&#8221;{}&#8221;][\/et_pb_image][\/et_pb_column][et_pb_column type=&#8221;1_2&#8243; _builder_version=&#8221;4.21.2&#8243; _module_preset=&#8221;default&#8221; global_colors_info=&#8221;{}&#8221;][et_pb_image src=&#8221;http:\/\/imotion-yoga.de\/wp-content\/uploads\/2023\/11\/VillaGarulli_Pool_c@NEUEWEGE-1-scaled.jpg&#8221; title_text=&#8221;VillaGarulli_Pool_c@NEUEWEGE (1)&#8221; _builder_version=&#8221;4.21.2&#8243; _module_preset=&#8221;default&#8221; global_colors_info=&#8221;{}&#8221;][\/et_pb_image][\/et_pb_column][\/et_pb_row][\/et_pb_section][et_pb_section fb_built=&#8221;1&#8243; theme_builder_area=&#8221;post_content&#8221; _builder_version=&#8221;4.21.2&#8243; _module_preset=&#8221;default&#8221;][et_pb_row _builder_version=&#8221;4.21.2&#8243; _module_preset=&#8221;default&#8221; theme_builder_area=&#8221;post_content&#8221; custom_margin=&#8221;0px||||false|false&#8221; custom_margin_last_edited=&#8221;on|phone&#8221; hover_enabled=&#8221;0&#8243; sticky_enabled=&#8221;0&#8243; custom_margin_phone=&#8221;-12px||||false|false&#8221; custom_margin_tablet=&#8221;0px||||false|false&#8221;][et_pb_column _builder_version=&#8221;4.21.2&#8243; _module_preset=&#8221;default&#8221; type=&#8221;4_4&#8243; theme_builder_area=&#8221;post_content&#8221;][et_pb_text _builder_version=&#8221;4.21.2&#8243; _module_preset=&#8221;default&#8221; theme_builder_area=&#8221;post_content&#8221; hover_enabled=&#8221;0&#8243; sticky_enabled=&#8221;0&#8243;]<\/p>\n<h1>Dein Domizil: Die Villa Garulli<\/h1>\n<p><span>Die Villa Garulli verdankt \u00a0ihren Namen einer alten Adelsfamilie. Im 17. Jahrhundert stand hier ein Kloster und die besondere Kraft des Platzes ist noch immer sp\u00fcrbar. Eine gute Energie f\u00fcr einen Yoga-Urlaub! Die Villa ist umgeben von einem hauseigenen\u00a0Park , der zum lustwandeln und meditieren einl\u00e4dt. Inmitten des Gartens\u00a0befindet Sich unsere Yoga Casa, wo wir gemeinsam Yoga \u00fcben werden mit Blick in die Weite Natur.\u00a0<\/span><\/p>\n<p>Bislang war mir diese Region v\u00f6llig unbekannt und ich bin sehr gespannt sie gemeinsam mit Dir zu erkunden.Die sanft h\u00fcgelige Landschaft der Marken bietet die ganze Vielfalt Italiens mit langen Sandstr\u00e4nden und kleinen Buchten, gr\u00fcnen Weinbergen, gelben Weizenfeldern, strahlenden Sonnenblumen und silbrigen Olivenhainen. Das Dorf Montelupone ist ausgezeichnet als eines der sch\u00f6nsten Italiens und in nur 15 Minuten zu Fu\u00df erreichbar, und zum n\u00e4chsten Sandstrand ist es auch nicht weit. Ich freue mich schon!<\/p>\n<p>[\/et_pb_text][\/et_pb_column][\/et_pb_row][\/et_pb_section][et_pb_section fb_built=&#8221;1&#8243; specialty=&#8221;on&#8221; _builder_version=&#8221;4.21.2&#8243; _module_preset=&#8221;default&#8221; background_color=&#8221;#e8e8e8&#8243; link_option_url=&#8221;https:\/\/www.neuewege.com\/villa-garulli-iyengar-yoga-trifft-spiraldynamik_4ITH0801&#8243; link_option_url_new_window=&#8221;on&#8221; hover_enabled=&#8221;0&#8243; global_colors_info=&#8221;{}&#8221; theme_builder_area=&#8221;post_content&#8221; sticky_enabled=&#8221;0&#8243;][et_pb_column type=&#8221;3_4&#8243; specialty_columns=&#8221;3&#8243; _builder_version=&#8221;4.16&#8243; custom_padding=&#8221;|||&#8221; global_colors_info=&#8221;{}&#8221; custom_padding__hover=&#8221;|||&#8221; theme_builder_area=&#8221;post_content&#8221;][et_pb_row_inner _builder_version=&#8221;4.21.2&#8243; _module_preset=&#8221;default&#8221; global_colors_info=&#8221;{}&#8221; theme_builder_area=&#8221;post_content&#8221;][et_pb_column_inner saved_specialty_column_type=&#8221;3_4&#8243; _builder_version=&#8221;4.21.2&#8243; _module_preset=&#8221;default&#8221; global_colors_info=&#8221;{}&#8221; theme_builder_area=&#8221;post_content&#8221;][et_pb_text _builder_version=&#8221;4.21.2&#8243; _module_preset=&#8221;default&#8221; global_colors_info=&#8221;{}&#8221; theme_builder_area=&#8221;post_content&#8221;]<\/p>\n<h1><span>Mehr Informationen und Buchung\u00a0<\/span><\/h1>\n<p><span>Mehr Information zu der Reise gibt es bei NEUE WEGE, meinem Reiseveranstalter, bitte wende Dich f\u00fcr alle Anfragen zur Buchung und zur Unterkunft dorthin. Gerne sind Dir die Mitarbeiter auch behilflich die passende Anreise zu organisieren. Wenn Du gezielt Fragen hast zu den Inhalten des Kurses, dann wende Dich gerne an mich!<\/span><\/p>\n<p>[\/et_pb_text][\/et_pb_column_inner][\/et_pb_row_inner][\/et_pb_column][et_pb_column type=&#8221;1_4&#8243; _builder_version=&#8221;4.16&#8243; custom_padding=&#8221;|||&#8221; global_colors_info=&#8221;{}&#8221; custom_padding__hover=&#8221;|||&#8221; theme_builder_area=&#8221;post_content&#8221;][et_pb_button button_url=&#8221;https:\/\/www.neuewege.com\/villa-garulli-iyengar-yoga-trifft-spiraldynamik_4ITH0801&#8243; url_new_window=&#8221;on&#8221; button_text=&#8221;NEUE WEGE&#8221; _builder_version=&#8221;4.21.2&#8243; _module_preset=&#8221;default&#8221; custom_button=&#8221;on&#8221; button_bg_color=&#8221;#E09900&#8243; button_border_color=&#8221;#E09900&#8243; button_border_radius=&#8221;25px&#8221; background_layout=&#8221;dark&#8221; custom_margin=&#8221;14px|-3px||67px|false|false&#8221; custom_padding=&#8221;0px||||false|false&#8221; hover_enabled=&#8221;0&#8243; global_colors_info=&#8221;{}&#8221; theme_builder_area=&#8221;post_content&#8221; sticky_enabled=&#8221;0&#8243; button_alignment=&#8221;left&#8221; custom_padding_last_edited=&#8221;on|phone&#8221; custom_padding_phone=&#8221;5px||||false|false&#8221; custom_margin_last_edited=&#8221;on|phone&#8221; custom_margin_phone=&#8221;-4px|-3px|5px|67px|false|false&#8221; button_alignment_last_edited=&#8221;on|tablet&#8221; button_alignment_tablet=&#8221;center&#8221; custom_margin_tablet=&#8221;1px|||10px|false|false&#8221; custom_padding_tablet=&#8221;0px||||false|false&#8221; button_alignment_phone=&#8221;center&#8221;][\/et_pb_button][\/et_pb_column][\/et_pb_section][et_pb_section fb_built=&#8221;1&#8243; _builder_version=&#8221;4.21.2&#8243; _module_preset=&#8221;default&#8221; background_color=&#8221;#fff3ed&#8221; global_colors_info=&#8221;{}&#8221;][et_pb_row column_structure=&#8221;1_2,1_2&#8243; _builder_version=&#8221;4.21.2&#8243; _module_preset=&#8221;default&#8221; global_colors_info=&#8221;{}&#8221;][et_pb_column type=&#8221;1_2&#8243; _builder_version=&#8221;4.21.2&#8243; _module_preset=&#8221;default&#8221; global_colors_info=&#8221;{}&#8221;][et_pb_image src=&#8221;http:\/\/imotion-yoga.de\/wp-content\/uploads\/2023\/11\/VillaGarulli_Pool_c@NEUEWEGE-2-scaled.jpg&#8221; title_text=&#8221;VillaGarulli_Pool_c@NEUEWEGE (2)&#8221; _builder_version=&#8221;4.21.2&#8243; _module_preset=&#8221;default&#8221; global_colors_info=&#8221;{}&#8221;][\/et_pb_image][\/et_pb_column][et_pb_column type=&#8221;1_2&#8243; _builder_version=&#8221;4.21.2&#8243; _module_preset=&#8221;default&#8221; global_colors_info=&#8221;{}&#8221;][et_pb_image src=&#8221;http:\/\/imotion-yoga.de\/wp-content\/uploads\/2023\/08\/Ilios-2018-125-scaled.jpg&#8221; title_text=&#8221;Exif_JPEG_PICTURE&#8221; _builder_version=&#8221;4.21.2&#8243; _module_preset=&#8221;default&#8221; global_colors_info=&#8221;{}&#8221;][\/et_pb_image][\/et_pb_column][\/et_pb_row][\/et_pb_section]<\/p>\n","protected":false},"excerpt":{"rendered":"<p>Deine Yogaauszeit vom Alltag. Pure Entspannung auf und um die Yogamatte herumDeine Yogaauszeit vom Alltag. Pure Entspannung auf und um die Yogamatte herumDeine Yogaauszeit vom Alltag. Pure Entspannung auf und um die Yogamatte herumYogareise in die Marken vom 19.10. &#8211; 25.10.24 Iyengar\u00ae &#8211;\u00a0Yoga trift Spiraldynamik\u00ae &#8211; eine Reise zu Dir selbstIn dieser Woche reisen wir [&hellip;]<\/p>\n","protected":false},"author":1,"featured_media":0,"parent":0,"menu_order":0,"comment_status":"closed","ping_status":"closed","template":"","meta":{"_et_pb_use_builder":"on","_et_pb_old_content":"","_et_gb_content_width":"","om_disable_all_campaigns":false,"_monsterinsights_skip_tracking":false,"_monsterinsights_sitenote_active":false,"_monsterinsights_sitenote_note":"","_monsterinsights_sitenote_category":0,"footnotes":""},"class_list":["post-420","page","type-page","status-publish","hentry"],"aioseo_notices":[],"_links":{"self":[{"href":"http:\/\/imotion-yoga.de\/home\/wp-json\/wp\/v2\/pages\/420","targetHints":{"allow":["GET"]}}],"collection":[{"href":"http:\/\/imotion-yoga.de\/home\/wp-json\/wp\/v2\/pages"}],"about":[{"href":"http:\/\/imotion-yoga.de\/home\/wp-json\/wp\/v2\/types\/page"}],"author":[{"embeddable":true,"href":"http:\/\/imotion-yoga.de\/home\/wp-json\/wp\/v2\/users\/1"}],"replies":[{"embeddable":true,"href":"http:\/\/imotion-yoga.de\/home\/wp-json\/wp\/v2\/comments?post=420"}],"version-history":[{"count":6,"href":"http:\/\/imotion-yoga.de\/home\/wp-json\/wp\/v2\/pages\/420\/revisions"}],"predecessor-version":[{"id":437,"href":"http:\/\/imotion-yoga.de\/home\/wp-json\/wp\/v2\/pages\/420\/revisions\/437"}],"wp:attachment":[{"href":"http:\/\/imotion-yoga.de\/home\/wp-json\/wp\/v2\/media?parent=420"}],"curies":[{"name":"wp","href":"https:\/\/api.w.org\/{rel}","templated":true}]}}