{"id":694,"date":"2026-02-03T10:25:15","date_gmt":"2026-02-03T09:25:15","guid":{"rendered":"http:\/\/imotion-yoga.de\/home\/?page_id=694"},"modified":"2026-02-03T11:11:27","modified_gmt":"2026-02-03T10:11:27","slug":"aktuelle-sequenzen-am-dienstag","status":"publish","type":"page","link":"http:\/\/imotion-yoga.de\/home\/aktuelle-sequenzen-am-dienstag\/","title":{"rendered":"Aktuelle SEQUENZEN am Dienstag"},"content":{"rendered":"<p>[et_pb_section fb_built=&#8221;1&#8243; _builder_version=&#8221;4.21.2&#8243; _module_preset=&#8221;default&#8221; background_image=&#8221;http:\/\/imotion-yoga.de\/wp-content\/uploads\/2023\/08\/205CB81A-2F6E-4D30-8E9C-5F1239B47916-scaled.jpeg&#8221; min_height=&#8221;475px&#8221; global_colors_info=&#8221;{}&#8221; theme_builder_area=&#8221;post_content&#8221;][et_pb_row column_structure=&#8221;1_3,1_3,1_3&#8243; _builder_version=&#8221;4.21.2&#8243; _module_preset=&#8221;default&#8221; global_colors_info=&#8221;{}&#8221; theme_builder_area=&#8221;post_content&#8221;][et_pb_column type=&#8221;1_3&#8243; _builder_version=&#8221;4.21.2&#8243; _module_preset=&#8221;default&#8221; global_colors_info=&#8221;{}&#8221; theme_builder_area=&#8221;post_content&#8221;][\/et_pb_column][et_pb_column type=&#8221;1_3&#8243; _builder_version=&#8221;4.21.2&#8243; _module_preset=&#8221;default&#8221; global_colors_info=&#8221;{}&#8221; theme_builder_area=&#8221;post_content&#8221;][et_pb_text _builder_version=&#8221;4.21.2&#8243; _module_preset=&#8221;default&#8221; header_font=&#8221;|700|||||||&#8221; header_font_size=&#8221;59px&#8221; background_enable_color=&#8221;off&#8221; custom_margin=&#8221;|||-10px|false|false&#8221; custom_padding=&#8221;|||76px|false|false&#8221; border_radii=&#8221;on|3px|3px|3px|3px&#8221; global_colors_info=&#8221;{}&#8221; theme_builder_area=&#8221;post_content&#8221;]<\/p>\n<h1><\/h1>\n<h1><\/h1>\n<h1><\/h1>\n<h1><span style=\"font-size: 59px;\"><\/span><\/h1>\n<h1>\n<p><span style=\"font-size: 59px;\"><\/span><\/h1>\n<p>&nbsp;<\/p>\n<p>&nbsp;<\/p>\n<p>K<\/p>\n<p>&nbsp;<\/p>\n<p>[\/et_pb_text][\/et_pb_column][et_pb_column type=&#8221;1_3&#8243; _builder_version=&#8221;4.21.2&#8243; _module_preset=&#8221;default&#8221; global_colors_info=&#8221;{}&#8221; theme_builder_area=&#8221;post_content&#8221;][\/et_pb_column][\/et_pb_row][\/et_pb_section][et_pb_section fb_built=&#8221;1&#8243; _builder_version=&#8221;4.21.2&#8243; _module_preset=&#8221;default&#8221; global_colors_info=&#8221;{}&#8221; theme_builder_area=&#8221;post_content&#8221;][et_pb_row column_structure=&#8221;1_2,1_2&#8243; _builder_version=&#8221;4.21.2&#8243; _module_preset=&#8221;default&#8221; global_colors_info=&#8221;{}&#8221; theme_builder_area=&#8221;post_content&#8221;][et_pb_column type=&#8221;1_2&#8243; _builder_version=&#8221;4.21.2&#8243; _module_preset=&#8221;default&#8221; global_colors_info=&#8221;{}&#8221; theme_builder_area=&#8221;post_content&#8221;][et_pb_image src=&#8221;http:\/\/imotion-yoga.de\/wp-content\/uploads\/2026\/02\/leaves-8502147_640.jpg&#8221; title_text=&#8221;leaves-8502147_640&#8243; _builder_version=&#8221;4.21.2&#8243; _module_preset=&#8221;default&#8221; global_colors_info=&#8221;{}&#8221; theme_builder_area=&#8221;post_content&#8221;][\/et_pb_image][\/et_pb_column][et_pb_column type=&#8221;1_2&#8243; _builder_version=&#8221;4.21.2&#8243; _module_preset=&#8221;default&#8221; global_colors_info=&#8221;{}&#8221; theme_builder_area=&#8221;post_content&#8221;][et_pb_text _builder_version=&#8221;4.21.2&#8243; _module_preset=&#8221;default&#8221; global_colors_info=&#8221;{}&#8221; theme_builder_area=&#8221;post_content&#8221;]<\/p>\n<h1>Yogakurs SEQUENZEN<\/h1>\n<p><strong>Neustart am 3.02.26 \u2013 Noch ein freier Platz<\/strong>\u00a0<\/p>\n<p>F\u00fcr Yogis mit Vorerfahrung und Erfahrene Yogis<\/p>\n<div class=\"et_pb_blurb_description\">\n<p>Dienstags 17.45 -19.15 Uhr \u2013 10 Termine<\/p>\n<p><strong>Der Kurs findet live statt und wird gleichzeitig via Zoom online \u00fcbertragen. Im Anschluss \u00a0jeder \u00dcbungseinheit wird die Aufzeichnung als Video zum Wiederholen zugesendet!<\/strong><\/p>\n<p>Anmeldung unter <span><a href=\"mailto:mueller.ilo@web.de\">mueller.ilo@web.de<\/a><\/span><\/p>\n<p>Alle zwei Wochen gibt es ein neues Thema f\u00fcr die Yogaeinheiten.<\/p>\n<p>Deine Investition 175,- \u20ac<\/p>\n<\/div>\n<p>[\/et_pb_text][\/et_pb_column][\/et_pb_row][\/et_pb_section][et_pb_section fb_built=&#8221;1&#8243; theme_builder_area=&#8221;post_content&#8221; _builder_version=&#8221;4.21.2&#8243; _module_preset=&#8221;default&#8221; background_enable_color=&#8221;off&#8221; hover_enabled=&#8221;0&#8243; sticky_enabled=&#8221;0&#8243;][et_pb_row _builder_version=&#8221;4.21.2&#8243; _module_preset=&#8221;default&#8221; column_structure=&#8221;1_2,1_2&#8243; theme_builder_area=&#8221;post_content&#8221;][et_pb_column _builder_version=&#8221;4.21.2&#8243; _module_preset=&#8221;default&#8221; type=&#8221;1_2&#8243; theme_builder_area=&#8221;post_content&#8221;][et_pb_text _builder_version=&#8221;4.21.2&#8243; _module_preset=&#8221;default&#8221; theme_builder_area=&#8221;post_content&#8221; hover_enabled=&#8221;0&#8243; sticky_enabled=&#8221;0&#8243; header_font_size=&#8221;26px&#8221; header_line_height=&#8221;1.2em&#8221;]<\/p>\n<h1 style=\"font-weight: 400;\"><strong>Zur\u00fcck zur Basis \u2013 Fokus auf das Becken &amp; die H\u00fcften<\/strong><\/h1>\n<p><strong>3.02. und 10.02.26<\/strong><\/p>\n<p style=\"font-weight: 400;\">Das Becken als Zentrum und Dreh und Angelpunkt in den Haltungen. Gelingt es die Kraft vom Becken in die Beine zu \u00fcbertragen und gleichzeitig die Kraft nach oben Richtung Kopf zu bringen, entsteht Leichtigkeit im K\u00f6rper und im Geist. Je mehr Erdung, desto mehr Ausdehnung im K\u00f6rper. Eine Reise durch die Haltungen.<\/p>\n<p>[\/et_pb_text][\/et_pb_column][et_pb_column _builder_version=&#8221;4.21.2&#8243; _module_preset=&#8221;default&#8221; type=&#8221;1_2&#8243; theme_builder_area=&#8221;post_content&#8221;][et_pb_image src=&#8221;http:\/\/imotion-yoga.de\/wp-content\/uploads\/2026\/02\/yoga-2137288_640.jpg&#8221; _builder_version=&#8221;4.21.2&#8243; _module_preset=&#8221;default&#8221; theme_builder_area=&#8221;post_content&#8221; title_text=&#8221;yoga-2137288_640&#8243; hover_enabled=&#8221;0&#8243; sticky_enabled=&#8221;0&#8243;][\/et_pb_image][\/et_pb_column][\/et_pb_row][\/et_pb_section][et_pb_section fb_built=&#8221;1&#8243; _builder_version=&#8221;4.21.2&#8243; _module_preset=&#8221;default&#8221; background_color=&#8221;#D6D6D6&#8243; global_colors_info=&#8221;{}&#8221; theme_builder_area=&#8221;post_content&#8221;][et_pb_row column_structure=&#8221;1_2,1_2&#8243; _builder_version=&#8221;4.21.2&#8243; _module_preset=&#8221;default&#8221; custom_padding=&#8221;0px|||||&#8221; global_colors_info=&#8221;{}&#8221; theme_builder_area=&#8221;post_content&#8221;][et_pb_column type=&#8221;1_2&#8243; _builder_version=&#8221;4.21.2&#8243; _module_preset=&#8221;default&#8221; global_colors_info=&#8221;{}&#8221; theme_builder_area=&#8221;post_content&#8221;][et_pb_text _builder_version=&#8221;4.21.2&#8243; _module_preset=&#8221;default&#8221; header_font_size=&#8221;28px&#8221; header_2_font_size=&#8221;18px&#8221; hover_enabled=&#8221;0&#8243; global_colors_info=&#8221;{}&#8221; theme_builder_area=&#8221;post_content&#8221; sticky_enabled=&#8221;0&#8243;]<\/p>\n<h1>\u00a0 \u00a0 \u00a0 \u00a0 \u00a0 \u00a0 \u00a0 \u00a0 \u00a0 \u00a0 \u00a0 \u00a0 \u00a0 \u00a0 \u00a0 \u00a0 \u00a0 \u00a0 \u00a0 \u00a0 \u00a0 \u00a0 \u00a0 \u00a0 \u00a0 \u00a0 \u00a0 \u00a0 \u00a0 \u00a0 \u00a0 \u00a0 \u00a0 \u00a0 \u00a0 <strong>R\u00fcckw\u00e4rtsbeugen Next Level <\/strong><\/h1>\n<p style=\"font-weight: 400;\"><strong>17.02. und 24.02.26 \u00a0 \u00a0 \u00a0\u00a0 \u00a0<\/strong><\/p>\n<p style=\"font-weight: 400;\"><strong> <\/strong>Aufbauend auf der Arbeit der letzten 2 Stunden geht es weiter mit R\u00fcckw\u00e4rtsbeugen.Erdung nach unten bringt L\u00e4nge nach oben und zur\u00fcck \ud83d\ude00. Mit Hilfe des Stuhls gehen wir auf eine spielerische Reise. R\u00fcckw\u00e4rtsbeugen im Yoga \u00f6ffnen den Brustkorb, dehnen die K\u00f6rpervorderseite und kr\u00e4ftigen intensiv die R\u00fcckenmuskulatur. Sie verbessern die Haltung, wirken belebend und energetisierend und wirken dem typischen Rundr\u00fccken entgegen. Zudem f\u00f6rdern sie die Flexibilit\u00e4t der Wirbels\u00e4ule, weiten Lungen sowie den Herzbereich \u2764\ufe0f<\/p>\n<p>&nbsp;<\/p>\n<p>[\/et_pb_text][\/et_pb_column][et_pb_column type=&#8221;1_2&#8243; _builder_version=&#8221;4.21.2&#8243; _module_preset=&#8221;default&#8221; global_colors_info=&#8221;{}&#8221; theme_builder_area=&#8221;post_content&#8221;][et_pb_text _builder_version=&#8221;4.21.2&#8243; _module_preset=&#8221;default&#8221; hover_enabled=&#8221;0&#8243; global_colors_info=&#8221;{}&#8221; theme_builder_area=&#8221;post_content&#8221; sticky_enabled=&#8221;0&#8243; header_font_size=&#8221;21px&#8221; header_line_height=&#8221;1.3em&#8221; custom_margin=&#8221;28px||-25px||false|false&#8221;]<\/p>\n<h1 style=\"font-weight: 400;\"><strong>Die letzten Z\u00fcge des Winters \u2013 Sanfte Bewegung und Herz\u00f6ffnung gest\u00fctzt \u00a0<\/strong><\/h1>\n<p style=\"font-weight: 400;\"><strong>3.03. und 10.03.26 \u00a0 \u00a0 \u00a0 \u00a0<\/strong><\/p>\n<p style=\"font-weight: 400;\"><strong> \u00a0 \u00a0 <\/strong>Eine sanft Aktive \u2013 Regenerative Praxis. Wir beginnen mit einem leichten Flow, um in Bewegung zu kommen und runden ab mit gest\u00fctzten, gelagerten Haltungen zur Herz\u00f6ffnung vom Atem unterst\u00fctzt. Nach dem \u00dcben der aktiven R\u00fcckw\u00e4rtsbeugen in den letzten beiden Wochen geht es nun ruhiger zu und der Geist kann sich zur\u00fccklehnen und innehalten!<\/p>\n<p style=\"font-weight: 400;\">[\/et_pb_text][\/et_pb_column][\/et_pb_row][\/et_pb_section][et_pb_section fb_built=&#8221;1&#8243; theme_builder_area=&#8221;post_content&#8221; _builder_version=&#8221;4.21.2&#8243; _module_preset=&#8221;default&#8221;][et_pb_row _builder_version=&#8221;4.21.2&#8243; _module_preset=&#8221;default&#8221; column_structure=&#8221;1_2,1_2&#8243; theme_builder_area=&#8221;post_content&#8221;][et_pb_column _builder_version=&#8221;4.21.2&#8243; _module_preset=&#8221;default&#8221; type=&#8221;1_2&#8243; theme_builder_area=&#8221;post_content&#8221;][et_pb_image src=&#8221;http:\/\/imotion-yoga.de\/wp-content\/uploads\/2026\/02\/robin-9578746_640.jpg&#8221; _builder_version=&#8221;4.21.2&#8243; _module_preset=&#8221;default&#8221; theme_builder_area=&#8221;post_content&#8221; title_text=&#8221;robin-9578746_640&#8243; hover_enabled=&#8221;0&#8243; sticky_enabled=&#8221;0&#8243;][\/et_pb_image][\/et_pb_column][et_pb_column _builder_version=&#8221;4.21.2&#8243; _module_preset=&#8221;default&#8221; type=&#8221;1_2&#8243; theme_builder_area=&#8221;post_content&#8221;][et_pb_text _builder_version=&#8221;4.21.2&#8243; _module_preset=&#8221;default&#8221; theme_builder_area=&#8221;post_content&#8221; hover_enabled=&#8221;0&#8243; sticky_enabled=&#8221;0&#8243; header_font_size=&#8221;22px&#8221;]<\/p>\n<h1 style=\"font-weight: 400;\"><strong>Detox in den Fr\u00fchling (Hormonyoga) \u00a0 <\/strong><\/h1>\n<p style=\"font-weight: 400;\"><strong>17.03.und 24.03.26 \u00a0<\/strong> \u00a0 \u00a0 \u00a0 \u00a0<\/p>\n<p style=\"font-weight: 400;\">Mit Kraft und Schwung in den Fr\u00fchling. Wir bereiten den K\u00f6rper vor f\u00fcr die aktive Jahreszeit. Fr\u00fchjahrsputz von innen. Wir bewegen, wir fordern die Kraft, wir wringen, wir stehen Kopf, und bringen so den Stoffwechsel in Gang. All das kombiniert mit vitalisierenden Atem\u00fcbungen.<\/p>\n<p style=\"font-weight: 400;\">Let\u00b4s go \ud83d\ude00<\/p>\n<p>[\/et_pb_text][\/et_pb_column][\/et_pb_row][\/et_pb_section][et_pb_section fb_built=&#8221;1&#8243; theme_builder_area=&#8221;post_content&#8221; _builder_version=&#8221;4.21.2&#8243; _module_preset=&#8221;default&#8221;][et_pb_row _builder_version=&#8221;4.21.2&#8243; _module_preset=&#8221;default&#8221; column_structure=&#8221;1_2,1_2&#8243; theme_builder_area=&#8221;post_content&#8221;][et_pb_column _builder_version=&#8221;4.21.2&#8243; _module_preset=&#8221;default&#8221; type=&#8221;1_2&#8243; theme_builder_area=&#8221;post_content&#8221;][et_pb_text _builder_version=&#8221;4.21.2&#8243; _module_preset=&#8221;default&#8221; theme_builder_area=&#8221;post_content&#8221; hover_enabled=&#8221;0&#8243; sticky_enabled=&#8221;0&#8243; header_font_size=&#8221;26px&#8221;]<\/p>\n<h1 style=\"font-weight: 400;\"><strong>Perspektivenwechsel \u2013 Umkehrstellung \u00a0<\/strong><\/h1>\n<p style=\"font-weight: 400;\"><strong>31.03. und 14.04.26.<\/strong><\/p>\n<p style=\"font-weight: 400;\">Wir bleiben dran. Handstand \u2013 Kopfstand \u2013 Schulterstand &amp; Co: Der Weg ist das Ziel. Wir stellen alles auf den Kopf, das Oberste kommt zu unterst: Eine andere Perspektive tut sich auf. Umkehrstellungen regelm\u00e4\u00dfig ge\u00fcbt, st\u00e4rken das Herzkreislaufsystem, verbessern die Blutversorgung im ganzen K\u00f6rper, bringen die Verdauung in Schwung, entlasten die Beine und den R\u00fccken. In den alten Schriften wird ihnen sogar eine verj\u00fcngende Wirkung zugeschrieben. Also nichts wie los.<\/p>\n<p style=\"font-weight: 400;\">Aber keine Angst es gibt f\u00fcr jeden Alternativen, die gut zu meistern sind (-:<\/p>\n<p>[\/et_pb_text][\/et_pb_column][et_pb_column _builder_version=&#8221;4.21.2&#8243; _module_preset=&#8221;default&#8221; type=&#8221;1_2&#8243; theme_builder_area=&#8221;post_content&#8221;][et_pb_image src=&#8221;http:\/\/imotion-yoga.de\/wp-content\/uploads\/2026\/02\/yoga-2607009_640.jpg&#8221; _builder_version=&#8221;4.21.2&#8243; _module_preset=&#8221;default&#8221; theme_builder_area=&#8221;post_content&#8221; title_text=&#8221;yoga-2607009_640&#8243; hover_enabled=&#8221;0&#8243; sticky_enabled=&#8221;0&#8243;][\/et_pb_image][\/et_pb_column][\/et_pb_row][\/et_pb_section][et_pb_section fb_built=&#8221;1&#8243; _builder_version=&#8221;4.21.2&#8243; _module_preset=&#8221;default&#8221; background_color=&#8221;#75b4ae&#8221; global_colors_info=&#8221;{}&#8221; theme_builder_area=&#8221;post_content&#8221;][et_pb_row _builder_version=&#8221;4.21.2&#8243; _module_preset=&#8221;default&#8221; global_colors_info=&#8221;{}&#8221; theme_builder_area=&#8221;post_content&#8221;][et_pb_column type=&#8221;4_4&#8243; _builder_version=&#8221;4.21.0&#8243; _module_preset=&#8221;default&#8221; global_colors_info=&#8221;{}&#8221; theme_builder_area=&#8221;post_content&#8221;][et_pb_signup mailchimp_list=&#8221;Praxis f\u00fcr Physiotherapie und Iyengar\u00ae-Yoga|4faa7e9726&#8243; success_message=&#8221;Ja, das hat geklappt! Gucke bitte auch im Spam und best\u00e4tige den Link in der E-mail!&#8221; title=&#8221;Abonniere jetzt den Newsletter!&#8221; description=&#8221;<\/p>\n<p>Hier erh\u00e4ltst Du regelm\u00e4\u00dfig Informationen zu meinen Angeboten rund um Yoga und Spiraldynamik, zu Kursen , Workhops und Reisen!<\/p>\n<p>&#8221; _builder_version=&#8221;4.21.2&#8243; _module_preset=&#8221;default&#8221; background_color=&#8221;#d1a821&#8243; border_radii=&#8221;off|20px|20px|20px|20px&#8221; global_colors_info=&#8221;{}&#8221; theme_builder_area=&#8221;post_content&#8221;][\/et_pb_signup][\/et_pb_column][\/et_pb_row][\/et_pb_section][et_pb_section fb_built=&#8221;1&#8243; _builder_version=&#8221;4.21.2&#8243; _module_preset=&#8221;default&#8221; background_color=&#8221;#e8e8e8&#8243; min_height=&#8221;257px&#8221; min_height_tablet=&#8221;257px&#8221; min_height_phone=&#8221;693px&#8221; min_height_last_edited=&#8221;on|phone&#8221; height=&#8221;461px&#8221; height_tablet=&#8221;888px&#8221; height_phone=&#8221;461px&#8221; height_last_edited=&#8221;on|phone&#8221; max_height_tablet=&#8221;&#8221; max_height_phone=&#8221;&#8221; max_height_last_edited=&#8221;on|phone&#8221; global_colors_info=&#8221;{}&#8221; theme_builder_area=&#8221;post_content&#8221;][et_pb_row column_structure=&#8221;3_5,2_5&#8243; _builder_version=&#8221;4.21.2&#8243; _module_preset=&#8221;default&#8221; global_colors_info=&#8221;{}&#8221; theme_builder_area=&#8221;post_content&#8221;][et_pb_column type=&#8221;3_5&#8243; _builder_version=&#8221;4.21.2&#8243; _module_preset=&#8221;default&#8221; global_colors_info=&#8221;{}&#8221; theme_builder_area=&#8221;post_content&#8221;][et_pb_text content_tablet=&#8221;<\/p>\n<p><strong><\/strong><\/p>\n<h1 style=%22text-align: center;%22><strong><\/strong>Iyengar\u00ae-Yoga trifft Spiraldynamik\u00ae<\/h1>\n<p style=%22text-align: center;%22><strong><\/strong><\/p>\n<p style=%22text-align: center;%22><strong><\/strong><\/p>\n<p style=%22text-align: center;%22><strong><\/strong><\/p>\n<p style=%22text-align: center;%22><b>Praxis f\u00fcr Physiotheraphie &#038; Yoga<\/b><\/p>\n<p style=%22text-align: center;%22><b>Ilona M\u00fcller<\/b><\/p>\n<p style=%22text-align: center;%22>Hausdorffstra\u00dfe 102<\/p>\n<p style=%22text-align: center;%22>53129 Bonn Kessenich<\/p>\n<p style=%22text-align: center;%22>mueller.ilo@web.de<\/p>\n<p style=%22text-align: center;%22>&#8221; content_phone=&#8221;<\/p>\n<p><strong><\/strong><\/p>\n<h1><strong><\/strong><\/h1>\n<h1><strong><\/strong><\/h1>\n<h1><strong><\/strong><\/h1>\n<h1><strong><\/strong><\/h1>\n<h1><strong><\/strong><\/h1>\n<h1><strong><\/strong><\/h1>\n<h1><strong><\/strong><\/h1>\n<h1 style=%22text-align: center;%22><strong><\/strong>Iyengar\u00ae-Yoga trifft Spiraldynamik\u00ae<\/h1>\n<\/p>\n<p style=%22text-align: center;%22><strong>Praxis f\u00fcr Physiotherapie &#038; Yoga<\/strong><\/p>\n<p style=%22text-align: center;%22><strong>Ilona M\u00fcller<\/strong><\/p>\n<p style=%22text-align: center;%22>Hausdorffstra\u00dfe 102<\/p>\n<p style=%22text-align: center;%22>53129 Bonn Kessenich<\/p>\n<p style=%22text-align: center;%22>mueller.ilo@web.de<\/p>\n<p style=%22text-align: center;%22>&#8221; content_last_edited=&#8221;on|phone&#8221; _builder_version=&#8221;4.21.2&#8243; _module_preset=&#8221;default&#8221; text_font_size=&#8221;15px&#8221; text_line_height=&#8221;1.2em&#8221; header_font=&#8221;Domine|700|||||||&#8221; header_text_color=&#8221;#E09900&#8243; header_font_size=&#8221;28px&#8221; header_line_height=&#8221;1.4em&#8221; custom_margin=&#8221;10px||-15px||false|false&#8221; custom_margin_tablet=&#8221;10px||-15px||false|false&#8221; custom_margin_phone=&#8221;-90px||-15px||false|false&#8221; custom_margin_last_edited=&#8221;on|phone&#8221; custom_padding=&#8221;0px||0px||false|false&#8221; text_line_height_tablet=&#8221;1.2em&#8221; text_line_height_phone=&#8221;1.2em&#8221; text_line_height_last_edited=&#8221;on|desktop&#8221; global_colors_info=&#8221;{}&#8221; theme_builder_area=&#8221;post_content&#8221;]<\/p>\n<p><strong><\/strong><\/p>\n<h1><strong><\/strong>Iyengar\u00ae-Yoga trifft Spiraldynamik\u00ae<\/h1>\n<p><strong><\/strong><\/p>\n<p><strong>Praxis f\u00fcr Physiotherapie &amp; Yoga<\/strong><\/p>\n<p><strong>Ilona M\u00fcller<\/strong><\/p>\n<p>Hausdorffstra\u00dfe 102<\/p>\n<p>53129 Bonn Kessenich<\/p>\n<p><a href=\"mailto:mueller.ilo@web.de\">mueller.ilo@web.de<\/a><\/p>\n<p>Private Kassen &amp; Selbstzahler<\/p>\n<p><strong><\/strong><\/p>\n<p>&nbsp;<\/p>\n<p>&nbsp;<\/p>\n<p>[\/et_pb_text][\/et_pb_column][et_pb_column type=&#8221;2_5&#8243; _builder_version=&#8221;4.21.2&#8243; _module_preset=&#8221;default&#8221; global_colors_info=&#8221;{}&#8221; theme_builder_area=&#8221;post_content&#8221;][et_pb_image src=&#8221;http:\/\/imotion-yoga.de\/wp-content\/uploads\/2023\/08\/6CAB6C93-9859-4C93-AEEE-01777B1D63E3.png&#8221; title_text=&#8221;6CAB6C93-9859-4C93-AEEE-01777B1D63E3&#8243; align=&#8221;center&#8221; _builder_version=&#8221;4.21.2&#8243; _module_preset=&#8221;default&#8221; custom_margin=&#8221;-39px||6px||false|false&#8221; custom_margin_tablet=&#8221;-24px||||false|false&#8221; custom_margin_phone=&#8221;-21px||6px||false|false&#8221; custom_margin_last_edited=&#8221;on|phone&#8221; custom_padding=&#8221;|0px||||&#8221; global_colors_info=&#8221;{}&#8221; theme_builder_area=&#8221;post_content&#8221;][\/et_pb_image][\/et_pb_column][\/et_pb_row][\/et_pb_section][et_pb_section fb_built=&#8221;1&#8243; _builder_version=&#8221;4.21.2&#8243; _module_preset=&#8221;default&#8221; min_height=&#8221;100px&#8221; height=&#8221;100px&#8221; max_height=&#8221;100px&#8221; global_colors_info=&#8221;{}&#8221; theme_builder_area=&#8221;post_content&#8221;][et_pb_row column_structure=&#8221;1_2,1_2&#8243; _builder_version=&#8221;4.21.2&#8243; _module_preset=&#8221;default&#8221; global_colors_info=&#8221;{}&#8221; theme_builder_area=&#8221;post_content&#8221;][et_pb_column type=&#8221;1_2&#8243; _builder_version=&#8221;4.21.2&#8243; _module_preset=&#8221;default&#8221; global_colors_info=&#8221;{}&#8221; theme_builder_area=&#8221;post_content&#8221;][et_pb_social_media_follow _builder_version=&#8221;4.21.2&#8243; _module_preset=&#8221;default&#8221; custom_margin=&#8221;-53px||||false|false&#8221; custom_padding=&#8221;0px||7px||false|false&#8221; global_colors_info=&#8221;{}&#8221; theme_builder_area=&#8221;post_content&#8221;][et_pb_social_media_follow_network social_network=&#8221;facebook&#8221; icon_color=&#8221;#E09900&#8243; _builder_version=&#8221;4.21.2&#8243; _module_preset=&#8221;default&#8221; background_color=&#8221;#D6D6D6&#8243; background_enable_color=&#8221;on&#8221; global_colors_info=&#8221;{}&#8221; theme_builder_area=&#8221;post_content&#8221; follow_button=&#8221;off&#8221; url_new_window=&#8221;on&#8221;]facebook[\/et_pb_social_media_follow_network][et_pb_social_media_follow_network social_network=&#8221;instagram&#8221; icon_color=&#8221;#E09900&#8243; _builder_version=&#8221;4.21.2&#8243; _module_preset=&#8221;default&#8221; background_color=&#8221;#D6D6D6&#8243; background_enable_color=&#8221;on&#8221; global_colors_info=&#8221;{}&#8221; theme_builder_area=&#8221;post_content&#8221; follow_button=&#8221;off&#8221; url_new_window=&#8221;on&#8221;]instagram[\/et_pb_social_media_follow_network][\/et_pb_social_media_follow][\/et_pb_column][et_pb_column type=&#8221;1_2&#8243; _builder_version=&#8221;4.21.2&#8243; _module_preset=&#8221;default&#8221; global_colors_info=&#8221;{}&#8221; theme_builder_area=&#8221;post_content&#8221;][et_pb_menu menu_id=&#8221;13&#8243; _builder_version=&#8221;4.21.2&#8243; _module_preset=&#8221;default&#8221; custom_margin=&#8221;-56px|20px||20px|false|true&#8221; global_colors_info=&#8221;{}&#8221; theme_builder_area=&#8221;post_content&#8221;][\/et_pb_menu][\/et_pb_column][\/et_pb_row][\/et_pb_section]<\/p>\n","protected":false},"excerpt":{"rendered":"<p>&nbsp; &nbsp; K &nbsp;Yogakurs SEQUENZEN Neustart am 3.02.26 \u2013 Noch ein freier Platz\u00a0 F\u00fcr Yogis mit Vorerfahrung und Erfahrene Yogis Dienstags 17.45 -19.15 Uhr \u2013 10 Termine Der Kurs findet live statt und wird gleichzeitig via Zoom online \u00fcbertragen. Im Anschluss \u00a0jeder \u00dcbungseinheit wird die Aufzeichnung als Video zum Wiederholen zugesendet! Anmeldung unter mueller.ilo@web.de Alle [&hellip;]<\/p>\n","protected":false},"author":1,"featured_media":0,"parent":0,"menu_order":0,"comment_status":"closed","ping_status":"closed","template":"","meta":{"_et_pb_use_builder":"on","_et_pb_old_content":"","_et_gb_content_width":"","om_disable_all_campaigns":false,"_monsterinsights_skip_tracking":false,"_monsterinsights_sitenote_active":false,"_monsterinsights_sitenote_note":"","_monsterinsights_sitenote_category":0,"footnotes":""},"class_list":["post-694","page","type-page","status-publish","hentry"],"aioseo_notices":[],"_links":{"self":[{"href":"http:\/\/imotion-yoga.de\/home\/wp-json\/wp\/v2\/pages\/694","targetHints":{"allow":["GET"]}}],"collection":[{"href":"http:\/\/imotion-yoga.de\/home\/wp-json\/wp\/v2\/pages"}],"about":[{"href":"http:\/\/imotion-yoga.de\/home\/wp-json\/wp\/v2\/types\/page"}],"author":[{"embeddable":true,"href":"http:\/\/imotion-yoga.de\/home\/wp-json\/wp\/v2\/users\/1"}],"replies":[{"embeddable":true,"href":"http:\/\/imotion-yoga.de\/home\/wp-json\/wp\/v2\/comments?post=694"}],"version-history":[{"count":3,"href":"http:\/\/imotion-yoga.de\/home\/wp-json\/wp\/v2\/pages\/694\/revisions"}],"predecessor-version":[{"id":705,"href":"http:\/\/imotion-yoga.de\/home\/wp-json\/wp\/v2\/pages\/694\/revisions\/705"}],"wp:attachment":[{"href":"http:\/\/imotion-yoga.de\/home\/wp-json\/wp\/v2\/media?parent=694"}],"curies":[{"name":"wp","href":"https:\/\/api.w.org\/{rel}","templated":true}]}}