{"id":99,"date":"2023-08-09T13:03:06","date_gmt":"2023-08-09T11:03:06","guid":{"rendered":"http:\/\/imotion-yoga.de\/home\/?page_id=99"},"modified":"2026-04-19T18:05:59","modified_gmt":"2026-04-19T16:05:59","slug":"kurse","status":"publish","type":"page","link":"http:\/\/imotion-yoga.de\/home\/kurse\/","title":{"rendered":"Kurse"},"content":{"rendered":"<p>[et_pb_section fb_built=&#8221;1&#8243; _builder_version=&#8221;4.21.2&#8243; _module_preset=&#8221;default&#8221; background_image=&#8221;http:\/\/imotion-yoga.de\/wp-content\/uploads\/2023\/08\/205CB81A-2F6E-4D30-8E9C-5F1239B47916-scaled.jpeg&#8221; min_height=&#8221;475px&#8221; global_colors_info=&#8221;{}&#8221;][et_pb_row column_structure=&#8221;1_3,1_3,1_3&#8243; _builder_version=&#8221;4.21.2&#8243; _module_preset=&#8221;default&#8221; global_colors_info=&#8221;{}&#8221;][et_pb_column type=&#8221;1_3&#8243; _builder_version=&#8221;4.21.2&#8243; _module_preset=&#8221;default&#8221; global_colors_info=&#8221;{}&#8221;][\/et_pb_column][et_pb_column type=&#8221;1_3&#8243; _builder_version=&#8221;4.21.2&#8243; _module_preset=&#8221;default&#8221; global_colors_info=&#8221;{}&#8221;][et_pb_text _builder_version=&#8221;4.21.2&#8243; _module_preset=&#8221;default&#8221; header_font=&#8221;|700|||||||&#8221; header_font_size=&#8221;59px&#8221; background_enable_color=&#8221;off&#8221; custom_margin=&#8221;|||-10px|false|false&#8221; custom_padding=&#8221;|||76px|false|false&#8221; border_radii=&#8221;on|3px|3px|3px|3px&#8221; global_colors_info=&#8221;{}&#8221;]<\/p>\n<h1><\/h1>\n<h1><\/h1>\n<h1><\/h1>\n<h1><span style=\"font-size: 59px;\"><\/span><\/h1>\n<h1>\n<p><span style=\"font-size: 59px;\"><\/span><\/h1>\n<p>&nbsp;<\/p>\n<p>&nbsp;<\/p>\n<p>K<\/p>\n<p>&nbsp;<\/p>\n<p>[\/et_pb_text][\/et_pb_column][et_pb_column type=&#8221;1_3&#8243; _builder_version=&#8221;4.21.2&#8243; _module_preset=&#8221;default&#8221; global_colors_info=&#8221;{}&#8221;][\/et_pb_column][\/et_pb_row][\/et_pb_section][et_pb_section fb_built=&#8221;1&#8243; _builder_version=&#8221;4.21.2&#8243; _module_preset=&#8221;default&#8221; global_colors_info=&#8221;{}&#8221;][et_pb_row column_structure=&#8221;1_2,1_2&#8243; _builder_version=&#8221;4.21.2&#8243; _module_preset=&#8221;default&#8221; global_colors_info=&#8221;{}&#8221;][et_pb_column type=&#8221;1_2&#8243; _builder_version=&#8221;4.21.2&#8243; _module_preset=&#8221;default&#8221; global_colors_info=&#8221;{}&#8221;][et_pb_image src=&#8221;http:\/\/imotion-yoga.de\/wp-content\/uploads\/2026\/02\/yoga-2607009_640.jpg&#8221; title_text=&#8221;yoga-2607009_640&#8243; _builder_version=&#8221;4.21.2&#8243; _module_preset=&#8221;default&#8221; global_colors_info=&#8221;{}&#8221;][\/et_pb_image][\/et_pb_column][et_pb_column type=&#8221;1_2&#8243; _builder_version=&#8221;4.21.2&#8243; _module_preset=&#8221;default&#8221; global_colors_info=&#8221;{}&#8221;][et_pb_text _builder_version=&#8221;4.21.2&#8243; _module_preset=&#8221;default&#8221; global_colors_info=&#8221;{}&#8221;]<\/p>\n<h1>Yogakurs SEQUENZEN<\/h1>\n<p><strong>Neustart am 12.05.26 \u2013 Noch ein freier Platz<\/strong><\/p>\n<p>F\u00fcr Yogis mit Vorerfahrung und Erfahrene Yogis<\/p>\n<div class=\"et_pb_blurb_description\">\n<p>Dienstags 17.45 -19.15 Uhr \u2013 10 Termine<\/p>\n<p><strong>Der Kurs findet live statt und wird gleichzeitig via Zoom online \u00fcbertragen. Im Anschluss \u00a0jeder \u00dcbungseinheit wird die Aufzeichnung als Video zum Wiederholen zugesendet!<\/strong><\/p>\n<p>Anmeldung unter <span><a href=\"mailto:mueller.ilo@web.de\">mueller.ilo@web.de<\/a><\/span><\/p>\n<p>Alle zwei Wochen gibt es ein neues Thema f\u00fcr die Yogaeinheiten. <a href=\"http:\/\/imotion-yoga.de\/home\/aktuelle-sequenzen-am-dienstag\/?et_fb=1&amp;PageSpeed=off\"><strong>Hier geht es zu den SEQUENZEN vom aktuellen Kurs<\/strong><\/a><\/p>\n<p>Deine Investition 175,- \u20ac<\/p>\n<\/div>\n<p>[\/et_pb_text][\/et_pb_column][\/et_pb_row][\/et_pb_section][et_pb_section fb_built=&#8221;1&#8243; _builder_version=&#8221;4.21.2&#8243; _module_preset=&#8221;default&#8221; global_colors_info=&#8221;{}&#8221;][et_pb_row column_structure=&#8221;1_2,1_2&#8243; _builder_version=&#8221;4.21.2&#8243; _module_preset=&#8221;default&#8221; global_colors_info=&#8221;{}&#8221;][et_pb_column type=&#8221;1_2&#8243; _builder_version=&#8221;4.21.2&#8243; _module_preset=&#8221;default&#8221; global_colors_info=&#8221;{}&#8221;][et_pb_text _builder_version=&#8221;4.21.2&#8243; _module_preset=&#8221;default&#8221; global_colors_info=&#8221;{}&#8221;]<\/p>\n<h1><strong>Yoga am Mittwoch<\/strong><\/h1>\n<p><strong>NEU NEU NEU ab dem 4.02.26 \u00a0 \u00a0 \u00a0 \u00a0 \u00a0 \u00a0 \u00a0 \u00a0 \u00a0 \u00a0 \u00a0 \u00a0 \u00a0 \u00a0 \u00a0 \u00a0 \u00a0 \u00a0 \u00a0 \u00a0 \u00a0 \u00a0 \u00a0 \u00a0 \u00a0 \u00a0 \u00a0 \u00a0 \u00a0 \u00a0 \u00a0 \u00a0 \u00a0 \u00a0 \u00a0 \u00a0 \u00a0 Noch freie Pl\u00e4tze<\/strong><\/p>\n<p><strong><\/strong><strong>mittwochs 9.00 &#8211; 10.30 Uhr &#8211; 10 Termine. Der Kurs findet live statt und wird gleichzeitig via Zoom online \u00fcbertragen. Im Anschluss \u00a0jeder \u00dcbungseinheit wird die Aufzeichnung als Video zum Wiederholen zugesendet!<\/strong><br \/><strong><\/strong><\/p>\n<p>In diesem Kurs gewinnst Du einen Einblick \u00fcber die Spiraldynamik im Yoga.wir reisen von Mal zu Mal durch den K\u00f6rper und Du lernst die zu Grunde liegenden Prinzipien f\u00fcr gesunde k\u00f6rperliche Ausrichtung in den Yogahaltungen! Anmeldung unter <span style=\"color: #5a0c1c;\"><a href=\"mailto:mueller.ilo@web.de\" style=\"color: #5a0c1c;\">mueller.ilo@web.de <\/a><\/span><\/p>\n<p>Deine Investition: 175 \u20ac <span style=\"color: #5a0c1c;\"><\/span>Der Kurs wird bezuschu\u00dft von den gesetzlichen und von manchen Privaten Krankenkassen<\/p>\n<p>&nbsp;<\/p>\n<p>[\/et_pb_text][\/et_pb_column][et_pb_column type=&#8221;1_2&#8243; _builder_version=&#8221;4.21.2&#8243; _module_preset=&#8221;default&#8221; global_colors_info=&#8221;{}&#8221;][et_pb_image src=&#8221;http:\/\/imotion-yoga.de\/wp-content\/uploads\/2024\/08\/places-2569186_640.jpg&#8221; title_text=&#8221;places-2569186_640&#8243; _builder_version=&#8221;4.21.2&#8243; _module_preset=&#8221;default&#8221; custom_margin=&#8221;37px||2px||false|false&#8221; global_colors_info=&#8221;{}&#8221;][\/et_pb_image][\/et_pb_column][\/et_pb_row][\/et_pb_section][et_pb_section fb_built=&#8221;1&#8243; _builder_version=&#8221;4.21.2&#8243; _module_preset=&#8221;default&#8221; global_colors_info=&#8221;{}&#8221;][et_pb_row column_structure=&#8221;1_2,1_2&#8243; _builder_version=&#8221;4.21.2&#8243; _module_preset=&#8221;default&#8221; global_colors_info=&#8221;{}&#8221;][et_pb_column type=&#8221;1_2&#8243; _builder_version=&#8221;4.21.2&#8243; _module_preset=&#8221;default&#8221; global_colors_info=&#8221;{}&#8221;][et_pb_image src=&#8221;http:\/\/imotion-yoga.de\/wp-content\/uploads\/2026\/02\/shiva-7493234_640.jpg&#8221; title_text=&#8221;shiva-7493234_640&#8243; _builder_version=&#8221;4.21.2&#8243; _module_preset=&#8221;default&#8221; custom_margin=&#8221;64px||||false|false&#8221; global_colors_info=&#8221;{}&#8221;][\/et_pb_image][\/et_pb_column][et_pb_column type=&#8221;1_2&#8243; _builder_version=&#8221;4.21.2&#8243; _module_preset=&#8221;default&#8221; global_colors_info=&#8221;{}&#8221;][et_pb_text _builder_version=&#8221;4.21.2&#8243; _module_preset=&#8221;default&#8221; header_font_size=&#8221;25px&#8221; global_colors_info=&#8221;{}&#8221;]<\/p>\n<h1>Yoga am Donnerstag &#8211; Gesundheitskurs<\/h1>\n<p><strong>Neustart: 23.04.26<\/strong><\/p>\n<p><strong>\u00a017.45 &#8211; 19.15 Uhr &#8211; 10 Termine. Der Kurs findet live statt und wird gleichzeitig via Zoom online \u00fcbertragen. Im Anschluss \u00a0jeder \u00dcbungseinheit wird die Aufzeichnung als Video zum Wiederholen zugesendet!<\/strong><\/p>\n<p>Dieser Kurs ist geeignet f\u00fcr Neueinsteiger, Wiedereinsteiger oder auch f\u00fcr erfahrene Yogis, die Ihre Basiskenntnisse vertiefen wollen.<\/p>\n<p>Gelernt werden systematisch die verschiedenen Yogahaltungen, wie Standhaltungen, Sitzhaltungen, \u00a0Drehungen, R\u00fcckw\u00e4rtsbeugen und die damit verbundenen pr\u00e4zise anatomische Ausrichtung. Schwerpunkte liegen hierbei auf der Aufrichtung der Wirbels\u00e4ule und der korrekten Ausrichtung der Arm- und Beinachsen.<\/p>\n<p>Anmeldung unter <span style=\"color: #5a0c1c;\"><a href=\"mailto:mueller.ilo@web.de\" style=\"color: #5a0c1c;\">mueller.ilo@web.de<\/a><\/span><\/p>\n<p>Deine Investition: 175,- \u20ac<\/p>\n<p>Der Kurs wird bezuschu\u00dft von den Gesetzlichen Krankenkassen<\/p>\n<p>&nbsp;<\/p>\n<p>[\/et_pb_text][\/et_pb_column][\/et_pb_row][\/et_pb_section][et_pb_section fb_built=&#8221;1&#8243; _builder_version=&#8221;4.21.2&#8243; _module_preset=&#8221;default&#8221; min_height=&#8221;100px&#8221; height=&#8221;100px&#8221; max_height=&#8221;100px&#8221; global_colors_info=&#8221;{}&#8221;][et_pb_row column_structure=&#8221;1_2,1_2&#8243; _builder_version=&#8221;4.21.2&#8243; _module_preset=&#8221;default&#8221; global_colors_info=&#8221;{}&#8221;][et_pb_column type=&#8221;1_2&#8243; _builder_version=&#8221;4.21.2&#8243; _module_preset=&#8221;default&#8221; global_colors_info=&#8221;{}&#8221;][et_pb_social_media_follow _builder_version=&#8221;4.21.2&#8243; _module_preset=&#8221;default&#8221; custom_margin=&#8221;-53px||||false|false&#8221; custom_padding=&#8221;0px||7px||false|false&#8221; global_colors_info=&#8221;{}&#8221;][et_pb_social_media_follow_network social_network=&#8221;facebook&#8221; icon_color=&#8221;#E09900&#8243; _builder_version=&#8221;4.21.2&#8243; _module_preset=&#8221;default&#8221; background_color=&#8221;#D6D6D6&#8243; background_enable_color=&#8221;on&#8221; global_colors_info=&#8221;{}&#8221; follow_button=&#8221;off&#8221; url_new_window=&#8221;on&#8221;]facebook[\/et_pb_social_media_follow_network][et_pb_social_media_follow_network social_network=&#8221;instagram&#8221; icon_color=&#8221;#E09900&#8243; _builder_version=&#8221;4.21.2&#8243; _module_preset=&#8221;default&#8221; background_color=&#8221;#D6D6D6&#8243; background_enable_color=&#8221;on&#8221; global_colors_info=&#8221;{}&#8221; follow_button=&#8221;off&#8221; url_new_window=&#8221;on&#8221;]instagram[\/et_pb_social_media_follow_network][\/et_pb_social_media_follow][\/et_pb_column][et_pb_column type=&#8221;1_2&#8243; _builder_version=&#8221;4.21.2&#8243; _module_preset=&#8221;default&#8221; global_colors_info=&#8221;{}&#8221;][et_pb_menu menu_id=&#8221;13&#8243; _builder_version=&#8221;4.21.2&#8243; _module_preset=&#8221;default&#8221; custom_margin=&#8221;-56px|20px||20px|false|true&#8221; global_colors_info=&#8221;{}&#8221;][\/et_pb_menu][\/et_pb_column][\/et_pb_row][\/et_pb_section]<\/p>\n","protected":false},"excerpt":{"rendered":"<p>&nbsp; &nbsp; K &nbsp;Yogakurs SEQUENZEN Neustart am 12.05.26 \u2013 Noch ein freier Platz F\u00fcr Yogis mit Vorerfahrung und Erfahrene Yogis Dienstags 17.45 -19.15 Uhr \u2013 10 Termine Der Kurs findet live statt und wird gleichzeitig via Zoom online \u00fcbertragen. Im Anschluss \u00a0jeder \u00dcbungseinheit wird die Aufzeichnung als Video zum Wiederholen zugesendet! Anmeldung unter mueller.ilo@web.de Alle [&hellip;]<\/p>\n","protected":false},"author":1,"featured_media":0,"parent":0,"menu_order":0,"comment_status":"closed","ping_status":"closed","template":"","meta":{"_et_pb_use_builder":"on","_et_pb_old_content":"","_et_gb_content_width":"","om_disable_all_campaigns":false,"_monsterinsights_skip_tracking":false,"_monsterinsights_sitenote_active":false,"_monsterinsights_sitenote_note":"","_monsterinsights_sitenote_category":0,"footnotes":""},"class_list":["post-99","page","type-page","status-publish","hentry"],"aioseo_notices":[],"_links":{"self":[{"href":"http:\/\/imotion-yoga.de\/home\/wp-json\/wp\/v2\/pages\/99","targetHints":{"allow":["GET"]}}],"collection":[{"href":"http:\/\/imotion-yoga.de\/home\/wp-json\/wp\/v2\/pages"}],"about":[{"href":"http:\/\/imotion-yoga.de\/home\/wp-json\/wp\/v2\/types\/page"}],"author":[{"embeddable":true,"href":"http:\/\/imotion-yoga.de\/home\/wp-json\/wp\/v2\/users\/1"}],"replies":[{"embeddable":true,"href":"http:\/\/imotion-yoga.de\/home\/wp-json\/wp\/v2\/comments?post=99"}],"version-history":[{"count":28,"href":"http:\/\/imotion-yoga.de\/home\/wp-json\/wp\/v2\/pages\/99\/revisions"}],"predecessor-version":[{"id":722,"href":"http:\/\/imotion-yoga.de\/home\/wp-json\/wp\/v2\/pages\/99\/revisions\/722"}],"wp:attachment":[{"href":"http:\/\/imotion-yoga.de\/home\/wp-json\/wp\/v2\/media?parent=99"}],"curies":[{"name":"wp","href":"https:\/\/api.w.org\/{rel}","templated":true}]}}